{"id":41206,"date":"2024-07-12T11:45:22","date_gmt":"2024-07-12T09:45:22","guid":{"rendered":"https:\/\/www.avsimulation.com\/mentions-legales\/"},"modified":"2025-02-18T15:06:04","modified_gmt":"2025-02-18T14:06:04","slug":"mentions-legales","status":"publish","type":"page","link":"https:\/\/www.avsimulation.com\/fr\/mentions-legales\/","title":{"rendered":"Mentions l\u00e9gales"},"content":{"rendered":"\t\t<div data-elementor-type=\"wp-page\" data-elementor-id=\"41206\" class=\"elementor elementor-41206 elementor-1868\" data-elementor-post-type=\"page\">\n\t\t\t\t<div class=\"elementor-element elementor-element-b28267c e-flex e-con-boxed e-con e-parent\" data-id=\"b28267c\" data-element_type=\"container\" data-settings=\"{&quot;jet_parallax_layout_list&quot;:[]}\">\n\t\t\t\t\t<div class=\"e-con-inner\">\n\t\t\t\t<div class=\"elementor-element elementor-element-0ad03dc elementor-widget__width-initial elementor-view-default elementor-position-block-start elementor-mobile-position-block-start elementor-widget elementor-widget-icon-box\" data-id=\"0ad03dc\" data-element_type=\"widget\" data-widget_type=\"icon-box.default\">\n\t\t\t\t<div class=\"elementor-widget-container\">\n\t\t\t\t\t\t\t<div class=\"elementor-icon-box-wrapper\">\n\n\t\t\t\t\t\t<div class=\"elementor-icon-box-icon\">\n\t\t\t\t<a href=\"https:\/\/www.avsimulation.com\/en\/legal-mentions\/eula\/\" class=\"elementor-icon\" tabindex=\"-1\" aria-label=\"ACCORD DE LICENCE POUR L&#039;UTILISATEUR FINAL  \">\n\t\t\t\t<svg xmlns=\"http:\/\/www.w3.org\/2000\/svg\" xmlns:xlink=\"http:\/\/www.w3.org\/1999\/xlink\" width=\"512\" height=\"512\" x=\"0\" y=\"0\" viewBox=\"0 0 512 512\" style=\"enable-background:new 0 0 512 512\" xml:space=\"preserve\" class=\"\"><g><path d=\"M128 0c-17.6 0-32 14.4-32 32v448c0 17.6 14.4 32 32 32h320c17.6 0 32-14.4 32-32V128L352 0H128z\" style=\"\" fill=\"#e2e5e7\" data-original=\"#e2e5e7\" class=\"\"><\/path><path d=\"M384 128h96L352 0v96c0 17.6 14.4 32 32 32z\" style=\"\" fill=\"#b0b7bd\" data-original=\"#b0b7bd\"><\/path><path d=\"m480 224-96-96h96z\" style=\"\" fill=\"#cad1d8\" data-original=\"#cad1d8\" class=\"\"><\/path><path d=\"M416 416c0 8.8-7.2 16-16 16H48c-8.8 0-16-7.2-16-16V256c0-8.8 7.2-16 16-16h352c8.8 0 16 7.2 16 16v160z\" style=\"\" fill=\"#2e348d\" data-original=\"#50bee8\" class=\"\" opacity=\"1\"><\/path><path d=\"M92.576 384c-4.224 0-8.832-2.32-8.832-7.936v-72.656c0-4.608 4.608-7.936 8.832-7.936h29.296c58.464 0 57.168 88.528 1.136 88.528H92.576zm8.064-72.928v57.312h21.232c34.544 0 36.064-57.312 0-57.312H100.64zM228 385.28c-23.664 1.024-48.24-14.72-48.24-46.064 0-31.472 24.56-46.944 48.24-46.944 22.384 1.136 45.792 16.624 45.792 46.944 0 30.336-23.408 46.064-45.792 46.064zm-1.408-76.368c-14.336 0-29.936 10.112-29.936 30.32 0 20.096 15.616 30.336 29.936 30.336 14.72 0 30.448-10.24 30.448-30.336 0-20.224-15.728-30.32-30.448-30.32zM288.848 339.088c0-24.688 15.488-45.92 44.912-45.92 11.136 0 19.968 3.328 29.296 11.392 3.456 3.184 3.84 8.816.384 12.4-3.456 3.056-8.704 2.688-11.776-.384-5.232-5.504-10.608-7.024-17.904-7.024-19.696 0-29.152 13.952-29.152 29.552 0 15.872 9.328 30.448 29.152 30.448 7.296 0 14.08-2.96 19.968-8.192 3.952-3.072 9.456-1.552 11.76 1.536 2.048 2.816 3.056 7.552-1.408 12.016-8.96 8.336-19.696 10-30.336 10-30.944 0-44.896-21.136-44.896-45.824z\" style=\"\" fill=\"#ffffff\" data-original=\"#ffffff\"><\/path><path d=\"M400 432H96v16h304c8.8 0 16-7.2 16-16v-16c0 8.8-7.2 16-16 16z\" style=\"\" fill=\"#cad1d8\" data-original=\"#cad1d8\" class=\"\"><\/path><\/g><\/svg>\t\t\t\t<\/a>\n\t\t\t<\/div>\n\t\t\t\n\t\t\t\t\t\t<div class=\"elementor-icon-box-content\">\n\n\t\t\t\t\t\t\t\t\t<h2 class=\"elementor-icon-box-title\">\n\t\t\t\t\t\t<a href=\"https:\/\/www.avsimulation.com\/en\/legal-mentions\/eula\/\" >\n\t\t\t\t\t\t\tACCORD DE LICENCE POUR L'UTILISATEUR FINAL  \t\t\t\t\t\t<\/a>\n\t\t\t\t\t<\/h2>\n\t\t\t\t\n\t\t\t\t\n\t\t\t<\/div>\n\t\t\t\n\t\t<\/div>\n\t\t\t\t\t\t<\/div>\n\t\t\t\t<\/div>\n\t\t\t\t<div class=\"elementor-element elementor-element-b40fa50 elementor-widget__width-initial elementor-view-default elementor-position-block-start elementor-mobile-position-block-start elementor-widget elementor-widget-icon-box\" data-id=\"b40fa50\" data-element_type=\"widget\" data-widget_type=\"icon-box.default\">\n\t\t\t\t<div class=\"elementor-widget-container\">\n\t\t\t\t\t\t\t<div class=\"elementor-icon-box-wrapper\">\n\n\t\t\t\t\t\t<div class=\"elementor-icon-box-icon\">\n\t\t\t\t<a href=\"https:\/\/www.avsimulation.com\/wp-content\/uploads\/2025\/02\/20220818-Products-and-Services-Terms-and-Conditions25-3.pdf\" class=\"elementor-icon\" tabindex=\"-1\" aria-label=\"CONDITIONS D&#039;UTILISATION DES PRODUITS ET SERVICES\">\n\t\t\t\t<svg xmlns=\"http:\/\/www.w3.org\/2000\/svg\" xmlns:xlink=\"http:\/\/www.w3.org\/1999\/xlink\" width=\"512\" height=\"512\" x=\"0\" y=\"0\" viewBox=\"0 0 512 512\" style=\"enable-background:new 0 0 512 512\" xml:space=\"preserve\" class=\"\"><g><path d=\"M128 0c-17.6 0-32 14.4-32 32v448c0 17.6 14.4 32 32 32h320c17.6 0 32-14.4 32-32V128L352 0H128z\" style=\"\" fill=\"#e2e5e7\" data-original=\"#e2e5e7\" class=\"\"><\/path><path d=\"M384 128h96L352 0v96c0 17.6 14.4 32 32 32z\" style=\"\" fill=\"#b0b7bd\" data-original=\"#b0b7bd\"><\/path><path d=\"m480 224-96-96h96z\" style=\"\" fill=\"#cad1d8\" data-original=\"#cad1d8\" class=\"\"><\/path><path d=\"M416 416c0 8.8-7.2 16-16 16H48c-8.8 0-16-7.2-16-16V256c0-8.8 7.2-16 16-16h352c8.8 0 16 7.2 16 16v160z\" style=\"\" fill=\"#2e348d\" data-original=\"#50bee8\" class=\"\" opacity=\"1\"><\/path><path d=\"M92.576 384c-4.224 0-8.832-2.32-8.832-7.936v-72.656c0-4.608 4.608-7.936 8.832-7.936h29.296c58.464 0 57.168 88.528 1.136 88.528H92.576zm8.064-72.928v57.312h21.232c34.544 0 36.064-57.312 0-57.312H100.64zM228 385.28c-23.664 1.024-48.24-14.72-48.24-46.064 0-31.472 24.56-46.944 48.24-46.944 22.384 1.136 45.792 16.624 45.792 46.944 0 30.336-23.408 46.064-45.792 46.064zm-1.408-76.368c-14.336 0-29.936 10.112-29.936 30.32 0 20.096 15.616 30.336 29.936 30.336 14.72 0 30.448-10.24 30.448-30.336 0-20.224-15.728-30.32-30.448-30.32zM288.848 339.088c0-24.688 15.488-45.92 44.912-45.92 11.136 0 19.968 3.328 29.296 11.392 3.456 3.184 3.84 8.816.384 12.4-3.456 3.056-8.704 2.688-11.776-.384-5.232-5.504-10.608-7.024-17.904-7.024-19.696 0-29.152 13.952-29.152 29.552 0 15.872 9.328 30.448 29.152 30.448 7.296 0 14.08-2.96 19.968-8.192 3.952-3.072 9.456-1.552 11.76 1.536 2.048 2.816 3.056 7.552-1.408 12.016-8.96 8.336-19.696 10-30.336 10-30.944 0-44.896-21.136-44.896-45.824z\" style=\"\" fill=\"#ffffff\" data-original=\"#ffffff\"><\/path><path d=\"M400 432H96v16h304c8.8 0 16-7.2 16-16v-16c0 8.8-7.2 16-16 16z\" style=\"\" fill=\"#cad1d8\" data-original=\"#cad1d8\" class=\"\"><\/path><\/g><\/svg>\t\t\t\t<\/a>\n\t\t\t<\/div>\n\t\t\t\n\t\t\t\t\t\t<div class=\"elementor-icon-box-content\">\n\n\t\t\t\t\t\t\t\t\t<h2 class=\"elementor-icon-box-title\">\n\t\t\t\t\t\t<a href=\"https:\/\/www.avsimulation.com\/wp-content\/uploads\/2025\/02\/20220818-Products-and-Services-Terms-and-Conditions25-3.pdf\" >\n\t\t\t\t\t\t\tCONDITIONS D'UTILISATION DES PRODUITS ET SERVICES\t\t\t\t\t\t<\/a>\n\t\t\t\t\t<\/h2>\n\t\t\t\t\n\t\t\t\t\n\t\t\t<\/div>\n\t\t\t\n\t\t<\/div>\n\t\t\t\t\t\t<\/div>\n\t\t\t\t<\/div>\n\t\t\t\t<div class=\"elementor-element elementor-element-2756ddd elementor-widget__width-initial elementor-view-default elementor-position-block-start elementor-mobile-position-block-start elementor-widget elementor-widget-icon-box\" data-id=\"2756ddd\" data-element_type=\"widget\" data-widget_type=\"icon-box.default\">\n\t\t\t\t<div class=\"elementor-widget-container\">\n\t\t\t\t\t\t\t<div class=\"elementor-icon-box-wrapper\">\n\n\t\t\t\t\t\t<div class=\"elementor-icon-box-icon\">\n\t\t\t\t<a href=\"https:\/\/www.avsimulation.com\/wp-content\/uploads\/2025\/02\/1SCANeR-Maintenance-Terms2025-1.pdf\" class=\"elementor-icon\" tabindex=\"-1\" aria-label=\"CONDITIONS DE MAINTENANCE DES LOGICIELS\">\n\t\t\t\t<svg xmlns=\"http:\/\/www.w3.org\/2000\/svg\" xmlns:xlink=\"http:\/\/www.w3.org\/1999\/xlink\" width=\"512\" height=\"512\" x=\"0\" y=\"0\" viewBox=\"0 0 512 512\" style=\"enable-background:new 0 0 512 512\" xml:space=\"preserve\" class=\"\"><g><path d=\"M128 0c-17.6 0-32 14.4-32 32v448c0 17.6 14.4 32 32 32h320c17.6 0 32-14.4 32-32V128L352 0H128z\" style=\"\" fill=\"#e2e5e7\" data-original=\"#e2e5e7\" class=\"\"><\/path><path d=\"M384 128h96L352 0v96c0 17.6 14.4 32 32 32z\" style=\"\" fill=\"#b0b7bd\" data-original=\"#b0b7bd\"><\/path><path d=\"m480 224-96-96h96z\" style=\"\" fill=\"#cad1d8\" data-original=\"#cad1d8\" class=\"\"><\/path><path d=\"M416 416c0 8.8-7.2 16-16 16H48c-8.8 0-16-7.2-16-16V256c0-8.8 7.2-16 16-16h352c8.8 0 16 7.2 16 16v160z\" style=\"\" fill=\"#2e348d\" data-original=\"#50bee8\" class=\"\" opacity=\"1\"><\/path><path d=\"M92.576 384c-4.224 0-8.832-2.32-8.832-7.936v-72.656c0-4.608 4.608-7.936 8.832-7.936h29.296c58.464 0 57.168 88.528 1.136 88.528H92.576zm8.064-72.928v57.312h21.232c34.544 0 36.064-57.312 0-57.312H100.64zM228 385.28c-23.664 1.024-48.24-14.72-48.24-46.064 0-31.472 24.56-46.944 48.24-46.944 22.384 1.136 45.792 16.624 45.792 46.944 0 30.336-23.408 46.064-45.792 46.064zm-1.408-76.368c-14.336 0-29.936 10.112-29.936 30.32 0 20.096 15.616 30.336 29.936 30.336 14.72 0 30.448-10.24 30.448-30.336 0-20.224-15.728-30.32-30.448-30.32zM288.848 339.088c0-24.688 15.488-45.92 44.912-45.92 11.136 0 19.968 3.328 29.296 11.392 3.456 3.184 3.84 8.816.384 12.4-3.456 3.056-8.704 2.688-11.776-.384-5.232-5.504-10.608-7.024-17.904-7.024-19.696 0-29.152 13.952-29.152 29.552 0 15.872 9.328 30.448 29.152 30.448 7.296 0 14.08-2.96 19.968-8.192 3.952-3.072 9.456-1.552 11.76 1.536 2.048 2.816 3.056 7.552-1.408 12.016-8.96 8.336-19.696 10-30.336 10-30.944 0-44.896-21.136-44.896-45.824z\" style=\"\" fill=\"#ffffff\" data-original=\"#ffffff\"><\/path><path d=\"M400 432H96v16h304c8.8 0 16-7.2 16-16v-16c0 8.8-7.2 16-16 16z\" style=\"\" fill=\"#cad1d8\" data-original=\"#cad1d8\" class=\"\"><\/path><\/g><\/svg>\t\t\t\t<\/a>\n\t\t\t<\/div>\n\t\t\t\n\t\t\t\t\t\t<div class=\"elementor-icon-box-content\">\n\n\t\t\t\t\t\t\t\t\t<h2 class=\"elementor-icon-box-title\">\n\t\t\t\t\t\t<a href=\"https:\/\/www.avsimulation.com\/wp-content\/uploads\/2025\/02\/1SCANeR-Maintenance-Terms2025-1.pdf\" >\n\t\t\t\t\t\t\tCONDITIONS DE MAINTENANCE DES LOGICIELS\t\t\t\t\t\t<\/a>\n\t\t\t\t\t<\/h2>\n\t\t\t\t\n\t\t\t\t\n\t\t\t<\/div>\n\t\t\t\n\t\t<\/div>\n\t\t\t\t\t\t<\/div>\n\t\t\t\t<\/div>\n\t\t\t\t<div class=\"elementor-element elementor-element-2dfec06 elementor-widget__width-initial elementor-view-default elementor-position-block-start elementor-mobile-position-block-start elementor-widget elementor-widget-icon-box\" data-id=\"2dfec06\" data-element_type=\"widget\" data-widget_type=\"icon-box.default\">\n\t\t\t\t<div class=\"elementor-widget-container\">\n\t\t\t\t\t\t\t<div class=\"elementor-icon-box-wrapper\">\n\n\t\t\t\t\t\t<div class=\"elementor-icon-box-icon\">\n\t\t\t\t<a href=\"https:\/\/www.avsimulation.com\/wp-content\/uploads\/2025\/02\/warranty-conditions-2022-v4-1.pdf\" class=\"elementor-icon\" tabindex=\"-1\" aria-label=\"CONDITIONS DE GARANTIE DES SYST\u00c8MES\">\n\t\t\t\t<svg xmlns=\"http:\/\/www.w3.org\/2000\/svg\" xmlns:xlink=\"http:\/\/www.w3.org\/1999\/xlink\" width=\"512\" height=\"512\" x=\"0\" y=\"0\" viewBox=\"0 0 512 512\" style=\"enable-background:new 0 0 512 512\" xml:space=\"preserve\" class=\"\"><g><path d=\"M128 0c-17.6 0-32 14.4-32 32v448c0 17.6 14.4 32 32 32h320c17.6 0 32-14.4 32-32V128L352 0H128z\" style=\"\" fill=\"#e2e5e7\" data-original=\"#e2e5e7\" class=\"\"><\/path><path d=\"M384 128h96L352 0v96c0 17.6 14.4 32 32 32z\" style=\"\" fill=\"#b0b7bd\" data-original=\"#b0b7bd\"><\/path><path d=\"m480 224-96-96h96z\" style=\"\" fill=\"#cad1d8\" data-original=\"#cad1d8\" class=\"\"><\/path><path d=\"M416 416c0 8.8-7.2 16-16 16H48c-8.8 0-16-7.2-16-16V256c0-8.8 7.2-16 16-16h352c8.8 0 16 7.2 16 16v160z\" style=\"\" fill=\"#2e348d\" data-original=\"#50bee8\" class=\"\" opacity=\"1\"><\/path><path d=\"M92.576 384c-4.224 0-8.832-2.32-8.832-7.936v-72.656c0-4.608 4.608-7.936 8.832-7.936h29.296c58.464 0 57.168 88.528 1.136 88.528H92.576zm8.064-72.928v57.312h21.232c34.544 0 36.064-57.312 0-57.312H100.64zM228 385.28c-23.664 1.024-48.24-14.72-48.24-46.064 0-31.472 24.56-46.944 48.24-46.944 22.384 1.136 45.792 16.624 45.792 46.944 0 30.336-23.408 46.064-45.792 46.064zm-1.408-76.368c-14.336 0-29.936 10.112-29.936 30.32 0 20.096 15.616 30.336 29.936 30.336 14.72 0 30.448-10.24 30.448-30.336 0-20.224-15.728-30.32-30.448-30.32zM288.848 339.088c0-24.688 15.488-45.92 44.912-45.92 11.136 0 19.968 3.328 29.296 11.392 3.456 3.184 3.84 8.816.384 12.4-3.456 3.056-8.704 2.688-11.776-.384-5.232-5.504-10.608-7.024-17.904-7.024-19.696 0-29.152 13.952-29.152 29.552 0 15.872 9.328 30.448 29.152 30.448 7.296 0 14.08-2.96 19.968-8.192 3.952-3.072 9.456-1.552 11.76 1.536 2.048 2.816 3.056 7.552-1.408 12.016-8.96 8.336-19.696 10-30.336 10-30.944 0-44.896-21.136-44.896-45.824z\" style=\"\" fill=\"#ffffff\" data-original=\"#ffffff\"><\/path><path d=\"M400 432H96v16h304c8.8 0 16-7.2 16-16v-16c0 8.8-7.2 16-16 16z\" style=\"\" fill=\"#cad1d8\" data-original=\"#cad1d8\" class=\"\"><\/path><\/g><\/svg>\t\t\t\t<\/a>\n\t\t\t<\/div>\n\t\t\t\n\t\t\t\t\t\t<div class=\"elementor-icon-box-content\">\n\n\t\t\t\t\t\t\t\t\t<h2 class=\"elementor-icon-box-title\">\n\t\t\t\t\t\t<a href=\"https:\/\/www.avsimulation.com\/wp-content\/uploads\/2025\/02\/warranty-conditions-2022-v4-1.pdf\" >\n\t\t\t\t\t\t\tCONDITIONS DE GARANTIE DES SYST\u00c8MES\t\t\t\t\t\t<\/a>\n\t\t\t\t\t<\/h2>\n\t\t\t\t\n\t\t\t\t\n\t\t\t<\/div>\n\t\t\t\n\t\t<\/div>\n\t\t\t\t\t\t<\/div>\n\t\t\t\t<\/div>\n\t\t\t\t<div class=\"elementor-element elementor-element-1f97e03 elementor-widget__width-initial elementor-view-default elementor-position-block-start elementor-mobile-position-block-start elementor-widget elementor-widget-icon-box\" data-id=\"1f97e03\" data-element_type=\"widget\" data-widget_type=\"icon-box.default\">\n\t\t\t\t<div class=\"elementor-widget-container\">\n\t\t\t\t\t\t\t<div class=\"elementor-icon-box-wrapper\">\n\n\t\t\t\t\t\t<div class=\"elementor-icon-box-icon\">\n\t\t\t\t<a href=\"https:\/\/www.avsimulation.com\/en\/legal-mentions\/previous-conditions\/\" class=\"elementor-icon\" tabindex=\"-1\" aria-label=\"CONDITIONS ANT\u00c9RIEURES\">\n\t\t\t\t<svg xmlns=\"http:\/\/www.w3.org\/2000\/svg\" xmlns:xlink=\"http:\/\/www.w3.org\/1999\/xlink\" width=\"512\" height=\"512\" x=\"0\" y=\"0\" viewBox=\"0 0 512 512\" style=\"enable-background:new 0 0 512 512\" xml:space=\"preserve\" class=\"\"><g><path d=\"M128 0c-17.6 0-32 14.4-32 32v448c0 17.6 14.4 32 32 32h320c17.6 0 32-14.4 32-32V128L352 0H128z\" style=\"\" fill=\"#e2e5e7\" data-original=\"#e2e5e7\" class=\"\"><\/path><path d=\"M384 128h96L352 0v96c0 17.6 14.4 32 32 32z\" style=\"\" fill=\"#b0b7bd\" data-original=\"#b0b7bd\"><\/path><path d=\"m480 224-96-96h96z\" style=\"\" fill=\"#cad1d8\" data-original=\"#cad1d8\" class=\"\"><\/path><path d=\"M416 416c0 8.8-7.2 16-16 16H48c-8.8 0-16-7.2-16-16V256c0-8.8 7.2-16 16-16h352c8.8 0 16 7.2 16 16v160z\" style=\"\" fill=\"#2e348d\" data-original=\"#50bee8\" class=\"\" opacity=\"1\"><\/path><path d=\"M92.576 384c-4.224 0-8.832-2.32-8.832-7.936v-72.656c0-4.608 4.608-7.936 8.832-7.936h29.296c58.464 0 57.168 88.528 1.136 88.528H92.576zm8.064-72.928v57.312h21.232c34.544 0 36.064-57.312 0-57.312H100.64zM228 385.28c-23.664 1.024-48.24-14.72-48.24-46.064 0-31.472 24.56-46.944 48.24-46.944 22.384 1.136 45.792 16.624 45.792 46.944 0 30.336-23.408 46.064-45.792 46.064zm-1.408-76.368c-14.336 0-29.936 10.112-29.936 30.32 0 20.096 15.616 30.336 29.936 30.336 14.72 0 30.448-10.24 30.448-30.336 0-20.224-15.728-30.32-30.448-30.32zM288.848 339.088c0-24.688 15.488-45.92 44.912-45.92 11.136 0 19.968 3.328 29.296 11.392 3.456 3.184 3.84 8.816.384 12.4-3.456 3.056-8.704 2.688-11.776-.384-5.232-5.504-10.608-7.024-17.904-7.024-19.696 0-29.152 13.952-29.152 29.552 0 15.872 9.328 30.448 29.152 30.448 7.296 0 14.08-2.96 19.968-8.192 3.952-3.072 9.456-1.552 11.76 1.536 2.048 2.816 3.056 7.552-1.408 12.016-8.96 8.336-19.696 10-30.336 10-30.944 0-44.896-21.136-44.896-45.824z\" style=\"\" fill=\"#ffffff\" data-original=\"#ffffff\"><\/path><path d=\"M400 432H96v16h304c8.8 0 16-7.2 16-16v-16c0 8.8-7.2 16-16 16z\" style=\"\" fill=\"#cad1d8\" data-original=\"#cad1d8\" class=\"\"><\/path><\/g><\/svg>\t\t\t\t<\/a>\n\t\t\t<\/div>\n\t\t\t\n\t\t\t\t\t\t<div class=\"elementor-icon-box-content\">\n\n\t\t\t\t\t\t\t\t\t<h2 class=\"elementor-icon-box-title\">\n\t\t\t\t\t\t<a href=\"https:\/\/www.avsimulation.com\/en\/legal-mentions\/previous-conditions\/\" >\n\t\t\t\t\t\t\tCONDITIONS ANT\u00c9RIEURES\t\t\t\t\t\t<\/a>\n\t\t\t\t\t<\/h2>\n\t\t\t\t\n\t\t\t\t\n\t\t\t<\/div>\n\t\t\t\n\t\t<\/div>\n\t\t\t\t\t\t<\/div>\n\t\t\t\t<\/div>\n\t\t\t\t\t<\/div>\n\t\t\t\t<\/div>\n\t\t<div class=\"elementor-element elementor-element-4b89baf e-flex e-con-boxed e-con e-parent\" data-id=\"4b89baf\" data-element_type=\"container\" data-settings=\"{&quot;jet_parallax_layout_list&quot;:[]}\">\n\t\t\t\t\t<div class=\"e-con-inner\">\n\t\t<div class=\"elementor-element elementor-element-232161f e-flex e-con-boxed e-con e-child\" data-id=\"232161f\" data-element_type=\"container\" data-settings=\"{&quot;jet_parallax_layout_list&quot;:[]}\">\n\t\t\t\t\t<div class=\"e-con-inner\">\n\t\t<div class=\"elementor-element elementor-element-f8215a1 e-con-full e-flex e-con e-child\" data-id=\"f8215a1\" data-element_type=\"container\" data-settings=\"{&quot;jet_parallax_layout_list&quot;:[]}\">\n\t\t\t\t<div class=\"elementor-element elementor-element-e802774 elementor-widget elementor-widget-heading\" data-id=\"e802774\" data-element_type=\"widget\" data-widget_type=\"heading.default\">\n\t\t\t\t<div class=\"elementor-widget-container\">\n\t\t\t\t\t<h2 class=\"elementor-heading-title elementor-size-default\">\u00c9diteur<\/h2>\t\t\t\t<\/div>\n\t\t\t\t<\/div>\n\t\t\t\t<div class=\"elementor-element elementor-element-5ef8696 elementor-widget elementor-widget-text-editor\" data-id=\"5ef8696\" data-element_type=\"widget\" data-widget_type=\"text-editor.default\">\n\t\t\t\t<div class=\"elementor-widget-container\">\n\t\t\t\t\t\t\t\t\t<p>Le site avsimulation.com est produit et \u00e9dit\u00e9 par BYCORP SAS.<br \/>AVSIMULATION a confi\u00e9 la co-cr\u00e9ation et la gestion de son site avsimulation.fr \u00e0 BYCORP SAS.<\/p>\n<ul>\n<li>Directeur de publication : <strong>AVSIMULATION<\/strong><\/li>\n<li>Courriel : contact@avsimulation.fr<\/li>\n<\/ul>\n\t\t\t\t\t\t\t\t<\/div>\n\t\t\t\t<\/div>\n\t\t\t\t<\/div>\n\t\t<div class=\"elementor-element elementor-element-f4b0008 e-con-full e-flex e-con e-child\" data-id=\"f4b0008\" data-element_type=\"container\" data-settings=\"{&quot;jet_parallax_layout_list&quot;:[]}\">\n\t\t\t\t<div class=\"elementor-element elementor-element-046dd53 elementor-widget elementor-widget-heading\" data-id=\"046dd53\" data-element_type=\"widget\" data-widget_type=\"heading.default\">\n\t\t\t\t<div class=\"elementor-widget-container\">\n\t\t\t\t\t<h2 class=\"elementor-heading-title elementor-size-default\">Cr\u00e9dits<\/h2>\t\t\t\t<\/div>\n\t\t\t\t<\/div>\n\t\t\t\t<div class=\"elementor-element elementor-element-da6c10d elementor-widget elementor-widget-text-editor\" data-id=\"da6c10d\" data-element_type=\"widget\" data-widget_type=\"text-editor.default\">\n\t\t\t\t<div class=\"elementor-widget-container\">\n\t\t\t\t\t\t\t\t\t<p>Tous droits de reproduction ou de citation r\u00e9serv\u00e9s \u00e0 AVSIMULATION.<\/p>\n<ul>\n<li>Strat\u00e9gie de marque : <a href=\"https:\/\/agenceideo.com\" target=\"_blank\" rel=\"noopener\">Agence IDEO<\/a><\/li>\n<li>Identit\u00e9 visuelle : <a href=\"https:\/\/agenceideo.com\" target=\"_blank\" rel=\"noopener\">Agence IDEO<\/a><\/li>\n<li>Int\u00e9gration, D\u00e9veloppement web : <a href=\"https:\/\/agenceideo.com\" target=\"_blank\" rel=\"noopener\">Agence IDEO<\/a><\/li>\n<\/ul>\n\t\t\t\t\t\t\t\t<\/div>\n\t\t\t\t<\/div>\n\t\t\t\t<\/div>\n\t\t<div class=\"elementor-element elementor-element-4b61bbc e-con-full e-flex e-con e-child\" data-id=\"4b61bbc\" data-element_type=\"container\" data-settings=\"{&quot;jet_parallax_layout_list&quot;:[]}\">\n\t\t\t\t<div class=\"elementor-element elementor-element-fe80f39 elementor-widget elementor-widget-heading\" data-id=\"fe80f39\" data-element_type=\"widget\" data-widget_type=\"heading.default\">\n\t\t\t\t<div class=\"elementor-widget-container\">\n\t\t\t\t\t<h2 class=\"elementor-heading-title elementor-size-default\">H\u00e9bergement<\/h2>\t\t\t\t<\/div>\n\t\t\t\t<\/div>\n\t\t\t\t<div class=\"elementor-element elementor-element-c52dac6 elementor-widget elementor-widget-text-editor\" data-id=\"c52dac6\" data-element_type=\"widget\" data-widget_type=\"text-editor.default\">\n\t\t\t\t<div class=\"elementor-widget-container\">\n\t\t\t\t\t\t\t\t\t<p><strong>iONOS<\/strong><br \/>7 Pl. de la Gare<br \/>57200 Sarreguemines<br \/>FRANCE<\/p>\n\t\t\t\t\t\t\t\t<\/div>\n\t\t\t\t<\/div>\n\t\t\t\t<\/div>\n\t\t\t\t\t<\/div>\n\t\t\t\t<\/div>\n\t\t\t\t\t<\/div>\n\t\t\t\t<\/div>\n\t\t\t\t<\/div>\n\t\t","protected":false},"excerpt":{"rendered":"<p>ACCORD DE LICENCE POUR L&rsquo;UTILISATEUR FINAL CONDITIONS D&rsquo;UTILISATION DES PRODUITS ET SERVICES CONDITIONS DE MAINTENANCE DES LOGICIELS CONDITIONS DE GARANTIE DES SYST\u00c8MES CONDITIONS ANT\u00c9RIEURES \u00c9diteur Le site avsimulation.com est produit et \u00e9dit\u00e9 par BYCORP SAS.AVSIMULATION a confi\u00e9 la co-cr\u00e9ation et la gestion de son site avsimulation.fr \u00e0 BYCORP SAS. Directeur de publication : AVSIMULATION Courriel [&hellip;]<\/p>\n","protected":false},"author":3,"featured_media":0,"parent":0,"menu_order":0,"comment_status":"closed","ping_status":"closed","template":"elementor_header_footer","meta":{"footnotes":""},"tags-app":[],"class_list":["post-41206","page","type-page","status-publish","hentry"],"_links":{"self":[{"href":"https:\/\/www.avsimulation.com\/fr\/wp-json\/wp\/v2\/pages\/41206","targetHints":{"allow":["GET"]}}],"collection":[{"href":"https:\/\/www.avsimulation.com\/fr\/wp-json\/wp\/v2\/pages"}],"about":[{"href":"https:\/\/www.avsimulation.com\/fr\/wp-json\/wp\/v2\/types\/page"}],"author":[{"embeddable":true,"href":"https:\/\/www.avsimulation.com\/fr\/wp-json\/wp\/v2\/users\/3"}],"replies":[{"embeddable":true,"href":"https:\/\/www.avsimulation.com\/fr\/wp-json\/wp\/v2\/comments?post=41206"}],"version-history":[{"count":17,"href":"https:\/\/www.avsimulation.com\/fr\/wp-json\/wp\/v2\/pages\/41206\/revisions"}],"predecessor-version":[{"id":45609,"href":"https:\/\/www.avsimulation.com\/fr\/wp-json\/wp\/v2\/pages\/41206\/revisions\/45609"}],"wp:attachment":[{"href":"https:\/\/www.avsimulation.com\/fr\/wp-json\/wp\/v2\/media?parent=41206"}],"wp:term":[{"taxonomy":"tags-app","embeddable":true,"href":"https:\/\/www.avsimulation.com\/fr\/wp-json\/wp\/v2\/tags-app?post=41206"}],"curies":[{"name":"wp","href":"https:\/\/api.w.org\/{rel}","templated":true}]}}