{"id":3734,"date":"2024-07-15T23:47:42","date_gmt":"2024-07-15T21:47:42","guid":{"rendered":"https:\/\/www.avsimulation.com\/3d-environments-scenarios-creation\/"},"modified":"2025-04-28T16:44:28","modified_gmt":"2025-04-28T14:44:28","slug":"3d-environments-creation-scenarios","status":"publish","type":"page","link":"https:\/\/www.avsimulation.com\/fr\/services\/scaner\/3d-environments-creation-scenarios\/","title":{"rendered":"3D environnements &amp; Cr\u00e9ation de scenarios"},"content":{"rendered":"\t\t<div data-elementor-type=\"wp-page\" data-elementor-id=\"3734\" class=\"elementor elementor-3734 elementor-3356\" data-elementor-post-type=\"page\">\n\t\t\t\t<div class=\"elementor-element elementor-element-721e55b e-flex e-con-boxed elementor-invisible e-con e-parent\" data-id=\"721e55b\" data-element_type=\"container\" data-settings=\"{&quot;jet_parallax_layout_list&quot;:[],&quot;animation&quot;:&quot;fadeIn&quot;}\">\n\t\t\t\t\t<div class=\"e-con-inner\">\n\t\t\t\t<div class=\"elementor-element elementor-element-41d0805 elementor-widget elementor-widget-spacer\" data-id=\"41d0805\" data-element_type=\"widget\" data-widget_type=\"spacer.default\">\n\t\t\t\t<div class=\"elementor-widget-container\">\n\t\t\t\t\t\t\t<div class=\"elementor-spacer\">\n\t\t\t<div class=\"elementor-spacer-inner\"><\/div>\n\t\t<\/div>\n\t\t\t\t\t\t<\/div>\n\t\t\t\t<\/div>\n\t\t<div class=\"elementor-element elementor-element-e03ee7a e-con-full e-flex e-con e-child\" data-id=\"e03ee7a\" data-element_type=\"container\" data-settings=\"{&quot;jet_parallax_layout_list&quot;:[]}\">\n\t\t<div class=\"elementor-element elementor-element-a5fd460 e-con-full e-flex e-con e-child\" data-id=\"a5fd460\" data-element_type=\"container\" data-settings=\"{&quot;jet_parallax_layout_list&quot;:[]}\">\n\t\t\t\t<div class=\"elementor-element elementor-element-3f2d28f elementor-widget elementor-widget-image\" data-id=\"3f2d28f\" data-element_type=\"widget\" data-widget_type=\"image.default\">\n\t\t\t\t<div class=\"elementor-widget-container\">\n\t\t\t\t\t\t\t\t\t\t\t\t\t\t\t<img fetchpriority=\"high\" decoding=\"async\" width=\"800\" height=\"450\" src=\"https:\/\/www.avsimulation.com\/wp-content\/uploads\/2024\/07\/Capture-decran-2024-02-26-161619-1-1024x576.png\" class=\"attachment-large size-large wp-image-43299\" alt=\"\" srcset=\"https:\/\/www.avsimulation.com\/wp-content\/uploads\/2024\/07\/Capture-decran-2024-02-26-161619-1-1024x576.png 1024w, https:\/\/www.avsimulation.com\/wp-content\/uploads\/2024\/07\/Capture-decran-2024-02-26-161619-1-300x169.png 300w, https:\/\/www.avsimulation.com\/wp-content\/uploads\/2024\/07\/Capture-decran-2024-02-26-161619-1-768x432.png 768w, https:\/\/www.avsimulation.com\/wp-content\/uploads\/2024\/07\/Capture-decran-2024-02-26-161619-1-1536x864.png 1536w, https:\/\/www.avsimulation.com\/wp-content\/uploads\/2024\/07\/Capture-decran-2024-02-26-161619-1.png 1919w\" sizes=\"(max-width: 800px) 100vw, 800px\" \/>\t\t\t\t\t\t\t\t\t\t\t\t\t\t\t<\/div>\n\t\t\t\t<\/div>\n\t\t\t\t<\/div>\n\t\t<div class=\"elementor-element elementor-element-cfa63aa e-con-full e-flex e-con e-child\" data-id=\"cfa63aa\" data-element_type=\"container\" data-settings=\"{&quot;jet_parallax_layout_list&quot;:[]}\">\n\t\t\t\t<div class=\"elementor-element elementor-element-3218958 elementor-widget elementor-widget-heading\" data-id=\"3218958\" data-element_type=\"widget\" data-widget_type=\"heading.default\">\n\t\t\t\t<div class=\"elementor-widget-container\">\n\t\t\t\t\t<h2 class=\"elementor-heading-title elementor-size-default\">D\u00c9COUVREZ 3D environnements &amp; Cr\u00e9ation de scenarios<\/h2>\t\t\t\t<\/div>\n\t\t\t\t<\/div>\n\t\t\t\t<div class=\"elementor-element elementor-element-911f5ad elementor-widget elementor-widget-heading\" data-id=\"911f5ad\" data-element_type=\"widget\" data-widget_type=\"heading.default\">\n\t\t\t\t<div class=\"elementor-widget-container\">\n\t\t\t\t\t<h3 class=\"elementor-heading-title elementor-size-default\">Environnements Virtuels R\u00e9alistes <\/h3>\t\t\t\t<\/div>\n\t\t\t\t<\/div>\n\t\t\t\t<div class=\"elementor-element elementor-element-4a7bffd elementor-widget elementor-widget-text-editor\" data-id=\"4a7bffd\" data-element_type=\"widget\" data-widget_type=\"text-editor.default\">\n\t\t\t\t<div class=\"elementor-widget-container\">\n\t\t\t\t\t\t\t\t\t<p>AVSimulation assiste ses clients dans la cr\u00e9ation de contenus, tels que des sc\u00e9narios, des environnements 3D, des v\u00e9hicules pour la circulation ou d&rsquo;autres usages, des ensembles de donn\u00e9es de signalisation, des pi\u00e9tons ou des objets anim\u00e9s, etc. En fonction de vos sp\u00e9cifications, nous vous proposerons un projet complet avec des \u00e9tapes et des livraisons sp\u00e9cifiques, enti\u00e8rement int\u00e9gr\u00e9 et test\u00e9 dans le studio SCANeR.<\/p>\t\t\t\t\t\t\t\t<\/div>\n\t\t\t\t<\/div>\n\t\t\t\t<\/div>\n\t\t\t\t<\/div>\n\t\t\t\t\t<\/div>\n\t\t\t\t<\/div>\n\t\t<div class=\"elementor-element elementor-element-8c35bec e-flex e-con-boxed e-con e-parent\" data-id=\"8c35bec\" data-element_type=\"container\" data-settings=\"{&quot;jet_parallax_layout_list&quot;:[]}\">\n\t\t\t\t\t<div class=\"e-con-inner\">\n\t\t<div class=\"elementor-element elementor-element-cc20fa1 e-con-full e-flex e-con e-child\" data-id=\"cc20fa1\" data-element_type=\"container\" data-settings=\"{&quot;jet_parallax_layout_list&quot;:[],&quot;background_background&quot;:&quot;classic&quot;}\">\n\t\t<div class=\"elementor-element elementor-element-bfb0134 e-con-full e-flex e-con e-child\" data-id=\"bfb0134\" data-element_type=\"container\" data-settings=\"{&quot;jet_parallax_layout_list&quot;:[]}\">\n\t\t\t\t<div class=\"elementor-element elementor-element-ef6325c elementor-widget elementor-widget-heading\" data-id=\"ef6325c\" data-element_type=\"widget\" data-widget_type=\"heading.default\">\n\t\t\t\t<div class=\"elementor-widget-container\">\n\t\t\t\t\t<h3 class=\"elementor-heading-title elementor-size-default\">Moteur UXD enti\u00e8rement optimis\u00e9<\/h3>\t\t\t\t<\/div>\n\t\t\t\t<\/div>\n\t\t\t\t<div class=\"elementor-element elementor-element-dcceb59 elementor-widget-laptop__width-initial elementor-widget elementor-widget-text-editor\" data-id=\"dcceb59\" data-element_type=\"widget\" data-widget_type=\"text-editor.default\">\n\t\t\t\t<div class=\"elementor-widget-container\">\n\t\t\t\t\t\t\t\t\t<p>\u00c9tant donn\u00e9 que la conversion de l\u2019environnement 3D actuel en un environnement UXD Engine enti\u00e8rement optimis\u00e9 demande beaucoup de temps et de travail, cette mise \u00e0 niveau sera effectu\u00e9e \u00e9tape par \u00e9tape. <\/p>\t\t\t\t\t\t\t\t<\/div>\n\t\t\t\t<\/div>\n\t\t\t\t<div class=\"elementor-element elementor-element-4252e0a elementor-icon-list--layout-traditional elementor-list-item-link-full_width elementor-widget elementor-widget-icon-list\" data-id=\"4252e0a\" data-element_type=\"widget\" data-widget_type=\"icon-list.default\">\n\t\t\t\t<div class=\"elementor-widget-container\">\n\t\t\t\t\t\t\t<ul class=\"elementor-icon-list-items\">\n\t\t\t\t\t\t\t<li class=\"elementor-icon-list-item\">\n\t\t\t\t\t\t\t\t\t\t\t<span class=\"elementor-icon-list-icon\">\n\t\t\t\t\t\t\t<svg xmlns=\"http:\/\/www.w3.org\/2000\/svg\" width=\"23\" height=\"23\" viewBox=\"0 0 23 23\" fill=\"none\"><path id=\"Vector\" d=\"M0.365511 17.8052C0.608445 19.9023 2.26546 21.5561 4.36659 21.7986C6.05114 21.9932 8.32104 22.1634 11.103 22.1634C13.885 22.1634 16.1549 21.9932 17.8394 21.7986C19.9406 21.5561 21.5976 19.9023 21.8405 17.8052C22.0355 16.1239 22.206 13.8583 22.206 11.0817C22.206 8.30507 22.0355 6.03953 21.8405 4.35821C21.5976 2.26111 19.9406 0.607277 17.8394 0.36481C16.1549 0.170215 13.885 0 11.103 0C8.32104 0 6.05114 0.170215 4.36659 0.36481C2.26546 0.607277 0.608445 2.26111 0.365511 4.35821C0.170542 6.03953 0 8.30507 0 11.0817C0 13.8583 0.170542 16.1239 0.365511 17.8052ZM15.8866 11.0817L14.974 11.978L9.09425 17.752L7.78188 16.5569L12.2706 11.0817L7.78232 5.60645L9.0947 4.4114L14.9744 10.1854L15.8866 11.0817Z\" fill=\"url(#paint0_linear_1088_2892)\"><\/path><defs><linearGradient id=\"paint0_linear_1088_2892\" x1=\"0\" y1=\"11.0817\" x2=\"22.206\" y2=\"11.0817\" gradientUnits=\"userSpaceOnUse\"><stop stop-color=\"#2E348D\"><\/stop><stop offset=\"0.345\" stop-color=\"#2484C0\"><\/stop><stop offset=\"0.675\" stop-color=\"#4ABED3\"><\/stop><stop offset=\"1\" stop-color=\"#C1DEBA\"><\/stop><\/linearGradient><\/defs><\/svg>\t\t\t\t\t\t<\/span>\n\t\t\t\t\t\t\t\t\t\t<span class=\"elementor-icon-list-text\">Am\u00e9lioration de la v\u00e9g\u00e9tation : arbres, buissons, etc.<\/span>\n\t\t\t\t\t\t\t\t\t<\/li>\n\t\t\t\t\t\t\t\t<li class=\"elementor-icon-list-item\">\n\t\t\t\t\t\t\t\t\t\t\t<span class=\"elementor-icon-list-icon\">\n\t\t\t\t\t\t\t<svg xmlns=\"http:\/\/www.w3.org\/2000\/svg\" width=\"23\" height=\"23\" viewBox=\"0 0 23 23\" fill=\"none\"><path id=\"Vector\" d=\"M0.365511 17.8052C0.608445 19.9023 2.26546 21.5561 4.36659 21.7986C6.05114 21.9932 8.32104 22.1634 11.103 22.1634C13.885 22.1634 16.1549 21.9932 17.8394 21.7986C19.9406 21.5561 21.5976 19.9023 21.8405 17.8052C22.0355 16.1239 22.206 13.8583 22.206 11.0817C22.206 8.30507 22.0355 6.03953 21.8405 4.35821C21.5976 2.26111 19.9406 0.607277 17.8394 0.36481C16.1549 0.170215 13.885 0 11.103 0C8.32104 0 6.05114 0.170215 4.36659 0.36481C2.26546 0.607277 0.608445 2.26111 0.365511 4.35821C0.170542 6.03953 0 8.30507 0 11.0817C0 13.8583 0.170542 16.1239 0.365511 17.8052ZM15.8866 11.0817L14.974 11.978L9.09425 17.752L7.78188 16.5569L12.2706 11.0817L7.78232 5.60645L9.0947 4.4114L14.9744 10.1854L15.8866 11.0817Z\" fill=\"url(#paint0_linear_1088_2892)\"><\/path><defs><linearGradient id=\"paint0_linear_1088_2892\" x1=\"0\" y1=\"11.0817\" x2=\"22.206\" y2=\"11.0817\" gradientUnits=\"userSpaceOnUse\"><stop stop-color=\"#2E348D\"><\/stop><stop offset=\"0.345\" stop-color=\"#2484C0\"><\/stop><stop offset=\"0.675\" stop-color=\"#4ABED3\"><\/stop><stop offset=\"1\" stop-color=\"#C1DEBA\"><\/stop><\/linearGradient><\/defs><\/svg>\t\t\t\t\t\t<\/span>\n\t\t\t\t\t\t\t\t\t\t<span class=\"elementor-icon-list-text\">Remodelage des b\u00e2timents et des objets pour plus de r\u00e9alisme et de d\u00e9tails<\/span>\n\t\t\t\t\t\t\t\t\t<\/li>\n\t\t\t\t\t\t\t\t<li class=\"elementor-icon-list-item\">\n\t\t\t\t\t\t\t\t\t\t\t<span class=\"elementor-icon-list-icon\">\n\t\t\t\t\t\t\t<svg xmlns=\"http:\/\/www.w3.org\/2000\/svg\" width=\"23\" height=\"23\" viewBox=\"0 0 23 23\" fill=\"none\"><path id=\"Vector\" d=\"M0.365511 17.8052C0.608445 19.9023 2.26546 21.5561 4.36659 21.7986C6.05114 21.9932 8.32104 22.1634 11.103 22.1634C13.885 22.1634 16.1549 21.9932 17.8394 21.7986C19.9406 21.5561 21.5976 19.9023 21.8405 17.8052C22.0355 16.1239 22.206 13.8583 22.206 11.0817C22.206 8.30507 22.0355 6.03953 21.8405 4.35821C21.5976 2.26111 19.9406 0.607277 17.8394 0.36481C16.1549 0.170215 13.885 0 11.103 0C8.32104 0 6.05114 0.170215 4.36659 0.36481C2.26546 0.607277 0.608445 2.26111 0.365511 4.35821C0.170542 6.03953 0 8.30507 0 11.0817C0 13.8583 0.170542 16.1239 0.365511 17.8052ZM15.8866 11.0817L14.974 11.978L9.09425 17.752L7.78188 16.5569L12.2706 11.0817L7.78232 5.60645L9.0947 4.4114L14.9744 10.1854L15.8866 11.0817Z\" fill=\"url(#paint0_linear_1088_2892)\"><\/path><defs><linearGradient id=\"paint0_linear_1088_2892\" x1=\"0\" y1=\"11.0817\" x2=\"22.206\" y2=\"11.0817\" gradientUnits=\"userSpaceOnUse\"><stop stop-color=\"#2E348D\"><\/stop><stop offset=\"0.345\" stop-color=\"#2484C0\"><\/stop><stop offset=\"0.675\" stop-color=\"#4ABED3\"><\/stop><stop offset=\"1\" stop-color=\"#C1DEBA\"><\/stop><\/linearGradient><\/defs><\/svg>\t\t\t\t\t\t<\/span>\n\t\t\t\t\t\t\t\t\t\t<span class=\"elementor-icon-list-text\">Cr\u00e9ation de nouvelles tuiles pour de nouveaux cas d\u2019utilisation potentiels (aires de stationnement, stations-service, etc.)<\/span>\n\t\t\t\t\t\t\t\t\t<\/li>\n\t\t\t\t\t\t\t\t<li class=\"elementor-icon-list-item\">\n\t\t\t\t\t\t\t\t\t\t\t<span class=\"elementor-icon-list-icon\">\n\t\t\t\t\t\t\t<svg xmlns=\"http:\/\/www.w3.org\/2000\/svg\" width=\"23\" height=\"23\" viewBox=\"0 0 23 23\" fill=\"none\"><path id=\"Vector\" d=\"M0.365511 17.8052C0.608445 19.9023 2.26546 21.5561 4.36659 21.7986C6.05114 21.9932 8.32104 22.1634 11.103 22.1634C13.885 22.1634 16.1549 21.9932 17.8394 21.7986C19.9406 21.5561 21.5976 19.9023 21.8405 17.8052C22.0355 16.1239 22.206 13.8583 22.206 11.0817C22.206 8.30507 22.0355 6.03953 21.8405 4.35821C21.5976 2.26111 19.9406 0.607277 17.8394 0.36481C16.1549 0.170215 13.885 0 11.103 0C8.32104 0 6.05114 0.170215 4.36659 0.36481C2.26546 0.607277 0.608445 2.26111 0.365511 4.35821C0.170542 6.03953 0 8.30507 0 11.0817C0 13.8583 0.170542 16.1239 0.365511 17.8052ZM15.8866 11.0817L14.974 11.978L9.09425 17.752L7.78188 16.5569L12.2706 11.0817L7.78232 5.60645L9.0947 4.4114L14.9744 10.1854L15.8866 11.0817Z\" fill=\"url(#paint0_linear_1088_2892)\"><\/path><defs><linearGradient id=\"paint0_linear_1088_2892\" x1=\"0\" y1=\"11.0817\" x2=\"22.206\" y2=\"11.0817\" gradientUnits=\"userSpaceOnUse\"><stop stop-color=\"#2E348D\"><\/stop><stop offset=\"0.345\" stop-color=\"#2484C0\"><\/stop><stop offset=\"0.675\" stop-color=\"#4ABED3\"><\/stop><stop offset=\"1\" stop-color=\"#C1DEBA\"><\/stop><\/linearGradient><\/defs><\/svg>\t\t\t\t\t\t<\/span>\n\t\t\t\t\t\t\t\t\t\t<span class=\"elementor-icon-list-text\">Am\u00e9lioration et correction des nouvelles fonctionnalit\u00e9s disponibles dans la derni\u00e8re version de SCANeR<\/span>\n\t\t\t\t\t\t\t\t\t<\/li>\n\t\t\t\t\t\t<\/ul>\n\t\t\t\t\t\t<\/div>\n\t\t\t\t<\/div>\n\t\t\t\t<\/div>\n\t\t\t\t<\/div>\n\t\t<div class=\"elementor-element elementor-element-bcf99b0 e-con-full e-flex e-con e-child\" data-id=\"bcf99b0\" data-element_type=\"container\" data-settings=\"{&quot;jet_parallax_layout_list&quot;:[]}\">\n\t\t<div class=\"elementor-element elementor-element-f67cc0c e-con-full e-flex e-con e-child\" data-id=\"f67cc0c\" data-element_type=\"container\" data-settings=\"{&quot;jet_parallax_layout_list&quot;:[]}\">\n\t\t\t\t<div class=\"elementor-element elementor-element-fad55b6 elementor-widget elementor-widget-heading\" data-id=\"fad55b6\" data-element_type=\"widget\" data-widget_type=\"heading.default\">\n\t\t\t\t<div class=\"elementor-widget-container\">\n\t\t\t\t\t<h3 class=\"elementor-heading-title elementor-size-default\">Sorties<\/h3>\t\t\t\t<\/div>\n\t\t\t\t<\/div>\n\t\t\t\t<div class=\"elementor-element elementor-element-3f398e6 elementor-widget elementor-widget-image\" data-id=\"3f398e6\" data-element_type=\"widget\" data-widget_type=\"image.default\">\n\t\t\t\t<div class=\"elementor-widget-container\">\n\t\t\t\t\t\t\t\t\t\t\t\t\t\t\t<img decoding=\"async\" width=\"65\" height=\"3\" src=\"https:\/\/www.avsimulation.com\/wp-content\/uploads\/2024\/07\/separateur2.png\" class=\"attachment-large size-large wp-image-522\" alt=\"\" \/>\t\t\t\t\t\t\t\t\t\t\t\t\t\t\t<\/div>\n\t\t\t\t<\/div>\n\t\t<div class=\"elementor-element elementor-element-27598fc e-con-full e-flex e-con e-child\" data-id=\"27598fc\" data-element_type=\"container\" data-settings=\"{&quot;jet_parallax_layout_list&quot;:[]}\">\n\t\t<div class=\"elementor-element elementor-element-910eb11 e-con-full e-flex e-con e-child\" data-id=\"910eb11\" data-element_type=\"container\" data-settings=\"{&quot;jet_parallax_layout_list&quot;:[]}\">\n\t\t\t\t<div class=\"elementor-element elementor-element-1a8c815 elementor-widget elementor-widget-heading\" data-id=\"1a8c815\" data-element_type=\"widget\" data-widget_type=\"heading.default\">\n\t\t\t\t<div class=\"elementor-widget-container\">\n\t\t\t\t\t<h5 class=\"elementor-heading-title elementor-size-default\">- Environnements 3D r\u00e9alistes <\/h5>\t\t\t\t<\/div>\n\t\t\t\t<\/div>\n\t\t\t\t<div class=\"elementor-element elementor-element-cc0a736 elementor-icon-list--layout-traditional elementor-list-item-link-full_width elementor-widget elementor-widget-icon-list\" data-id=\"cc0a736\" data-element_type=\"widget\" data-widget_type=\"icon-list.default\">\n\t\t\t\t<div class=\"elementor-widget-container\">\n\t\t\t\t\t\t\t<ul class=\"elementor-icon-list-items\">\n\t\t\t\t\t\t\t<li class=\"elementor-icon-list-item\">\n\t\t\t\t\t\t\t\t\t\t\t<span class=\"elementor-icon-list-icon\">\n\t\t\t\t\t\t\t<svg aria-hidden=\"true\" class=\"e-font-icon-svg e-fas-arrow-alt-circle-right\" viewBox=\"0 0 512 512\" xmlns=\"http:\/\/www.w3.org\/2000\/svg\"><path d=\"M256 8c137 0 248 111 248 248S393 504 256 504 8 393 8 256 119 8 256 8zM140 300h116v70.9c0 10.7 13 16.1 20.5 8.5l114.3-114.9c4.7-4.7 4.7-12.2 0-16.9l-114.3-115c-7.6-7.6-20.5-2.2-20.5 8.5V212H140c-6.6 0-12 5.4-12 12v64c0 6.6 5.4 12 12 12z\"><\/path><\/svg>\t\t\t\t\t\t<\/span>\n\t\t\t\t\t\t\t\t\t\t<span class=\"elementor-icon-list-text\">Cr\u00e9er des environnements fictifs ou existants personnalis\u00e9s<\/span>\n\t\t\t\t\t\t\t\t\t<\/li>\n\t\t\t\t\t\t<\/ul>\n\t\t\t\t\t\t<\/div>\n\t\t\t\t<\/div>\n\t\t\t\t<\/div>\n\t\t<div class=\"elementor-element elementor-element-e3d0932 e-con-full e-flex e-con e-child\" data-id=\"e3d0932\" data-element_type=\"container\" data-settings=\"{&quot;jet_parallax_layout_list&quot;:[]}\">\n\t\t\t\t<div class=\"elementor-element elementor-element-e35eb12 elementor-widget elementor-widget-heading\" data-id=\"e35eb12\" data-element_type=\"widget\" data-widget_type=\"heading.default\">\n\t\t\t\t<div class=\"elementor-widget-container\">\n\t\t\t\t\t<h5 class=\"elementor-heading-title elementor-size-default\">- Moteur UXD <\/h5>\t\t\t\t<\/div>\n\t\t\t\t<\/div>\n\t\t\t\t<div class=\"elementor-element elementor-element-8e9b475 elementor-align-start elementor-icon-list--layout-traditional elementor-list-item-link-full_width elementor-widget elementor-widget-icon-list\" data-id=\"8e9b475\" data-element_type=\"widget\" data-widget_type=\"icon-list.default\">\n\t\t\t\t<div class=\"elementor-widget-container\">\n\t\t\t\t\t\t\t<ul class=\"elementor-icon-list-items\">\n\t\t\t\t\t\t\t<li class=\"elementor-icon-list-item\">\n\t\t\t\t\t\t\t\t\t\t\t<span class=\"elementor-icon-list-icon\">\n\t\t\t\t\t\t\t<svg aria-hidden=\"true\" class=\"e-font-icon-svg e-fas-arrow-alt-circle-right\" viewBox=\"0 0 512 512\" xmlns=\"http:\/\/www.w3.org\/2000\/svg\"><path d=\"M256 8c137 0 248 111 248 248S393 504 256 504 8 393 8 256 119 8 256 8zM140 300h116v70.9c0 10.7 13 16.1 20.5 8.5l114.3-114.9c4.7-4.7 4.7-12.2 0-16.9l-114.3-115c-7.6-7.6-20.5-2.2-20.5 8.5V212H140c-6.6 0-12 5.4-12 12v64c0 6.6 5.4 12 12 12z\"><\/path><\/svg>\t\t\t\t\t\t<\/span>\n\t\t\t\t\t\t\t\t\t\t<span class=\"elementor-icon-list-text\"><span style=\"font-size: 16px\">Am\u00e9lioration des environnements 3D r\u00e9alistes&nbsp;<\/span><\/span>\n\t\t\t\t\t\t\t\t\t<\/li>\n\t\t\t\t\t\t<\/ul>\n\t\t\t\t\t\t<\/div>\n\t\t\t\t<\/div>\n\t\t\t\t<\/div>\n\t\t\t\t<div class=\"elementor-element elementor-element-fdbe4f2 elementor-widget-laptop__width-initial elementor-widget elementor-widget-heading\" data-id=\"fdbe4f2\" data-element_type=\"widget\" data-widget_type=\"heading.default\">\n\t\t\t\t<div class=\"elementor-widget-container\">\n\t\t\t\t\t<h5 class=\"elementor-heading-title elementor-size-default\">Et plus encore, selon vos demandes.<\/h5>\t\t\t\t<\/div>\n\t\t\t\t<\/div>\n\t\t\t\t<\/div>\n\t\t\t\t<\/div>\n\t\t<div class=\"elementor-element elementor-element-d417f4f e-con-full e-flex e-con e-child\" data-id=\"d417f4f\" data-element_type=\"container\" data-settings=\"{&quot;jet_parallax_layout_list&quot;:[]}\">\n\t\t\t\t<div class=\"elementor-element elementor-element-8efe1b9 elementor-widget elementor-widget-spacer\" data-id=\"8efe1b9\" data-element_type=\"widget\" data-widget_type=\"spacer.default\">\n\t\t\t\t<div class=\"elementor-widget-container\">\n\t\t\t\t\t\t\t<div class=\"elementor-spacer\">\n\t\t\t<div class=\"elementor-spacer-inner\"><\/div>\n\t\t<\/div>\n\t\t\t\t\t\t<\/div>\n\t\t\t\t<\/div>\n\t\t\t\t<div class=\"elementor-element elementor-element-f15f4de elementor-widget elementor-widget-image\" data-id=\"f15f4de\" data-element_type=\"widget\" data-widget_type=\"image.default\">\n\t\t\t\t<div class=\"elementor-widget-container\">\n\t\t\t\t\t\t\t\t\t\t\t\t\t\t\t<img decoding=\"async\" width=\"1596\" height=\"1079\" src=\"https:\/\/www.avsimulation.com\/wp-content\/uploads\/2025\/02\/Splash-screen-2025.1.png\" class=\"attachment-full size-full wp-image-45614\" alt=\"\" srcset=\"https:\/\/www.avsimulation.com\/wp-content\/uploads\/2025\/02\/Splash-screen-2025.1.png 1596w, https:\/\/www.avsimulation.com\/wp-content\/uploads\/2025\/02\/Splash-screen-2025.1-300x203.png 300w, https:\/\/www.avsimulation.com\/wp-content\/uploads\/2025\/02\/Splash-screen-2025.1-1024x692.png 1024w, https:\/\/www.avsimulation.com\/wp-content\/uploads\/2025\/02\/Splash-screen-2025.1-768x519.png 768w, https:\/\/www.avsimulation.com\/wp-content\/uploads\/2025\/02\/Splash-screen-2025.1-1536x1038.png 1536w\" sizes=\"(max-width: 1596px) 100vw, 1596px\" \/>\t\t\t\t\t\t\t\t\t\t\t\t\t\t\t<\/div>\n\t\t\t\t<\/div>\n\t\t\t\t<\/div>\n\t\t\t\t<\/div>\n\t\t\t\t\t<\/div>\n\t\t\t\t<\/div>\n\t\t<div class=\"elementor-element elementor-element-c6c4be2 e-flex e-con-boxed e-con e-child\" data-id=\"c6c4be2\" data-element_type=\"container\" data-settings=\"{&quot;jet_parallax_layout_list&quot;:[]}\">\n\t\t\t\t\t<div class=\"e-con-inner\">\n\t\t<div class=\"elementor-element elementor-element-eebca25 e-con-full e-flex e-con e-child\" data-id=\"eebca25\" data-element_type=\"container\" data-settings=\"{&quot;jet_parallax_layout_list&quot;:[],&quot;background_background&quot;:&quot;classic&quot;}\">\n\t\t\t\t<div class=\"elementor-element elementor-element-a5d1df1 elementor-widget__width-initial elementor-widget elementor-widget-heading\" data-id=\"a5d1df1\" data-element_type=\"widget\" data-widget_type=\"heading.default\">\n\t\t\t\t<div class=\"elementor-widget-container\">\n\t\t\t\t\t<h2 class=\"elementor-heading-title elementor-size-default\">Vous voulez en savoir plus sur la cr\u00e9ation d'environnements et de sc\u00e9narios en 3D ?<\/h2>\t\t\t\t<\/div>\n\t\t\t\t<\/div>\n\t\t\t\t<div class=\"elementor-element elementor-element-b409daa elementor-widget elementor-widget-jet-button\" data-id=\"b409daa\" data-element_type=\"widget\" data-widget_type=\"jet-button.default\">\n\t\t\t\t<div class=\"elementor-widget-container\">\n\t\t\t\t\t<div class=\"elementor-jet-button jet-elements\"><div class=\"jet-button__container\">\n\t<a class=\"jet-button__instance jet-button__instance--icon-right hover-effect-0\" href=\"https:\/\/www.avsimulation.com\/en\/contact-us\/\">\n\t\t<div class=\"jet-button__plane jet-button__plane-normal\"><\/div>\n\t\t<div class=\"jet-button__plane jet-button__plane-hover\"><\/div>\n\t\t<div class=\"jet-button__state jet-button__state-normal\">\n\t\t\t<span class=\"jet-button__icon jet-elements-icon\"><svg xmlns=\"http:\/\/www.w3.org\/2000\/svg\" width=\"28\" height=\"28\" viewBox=\"0 0 28 28\" fill=\"none\"><circle cx=\"14\" cy=\"14.036\" r=\"13.5\" fill=\"white\" fill-opacity=\"0.21\"><\/circle><path d=\"M17 14.036C17 13.803 16.928 13.57 16.7842 13.3924L12.2583 7.80266C11.9704 7.44709 11.5036 7.44709 11.2158 7.80266C10.9281 8.1581 10.9281 8.7345 11.2158 9.0901L15.2206 14.036L11.216 18.9818C10.9282 19.3374 10.9282 19.9138 11.216 20.2692C11.5038 20.6249 11.9706 20.6249 12.2585 20.2692L16.7844 14.6795C16.9281 14.5018 17 14.2689 17 14.036Z\" fill=\"white\"><\/path><\/svg><\/span><span class=\"jet-button__label\">Contactez nous<\/span>\t\t<\/div>\n\t\t<div class=\"jet-button__state jet-button__state-hover\">\n\t\t\t<span class=\"jet-button__label\">Allez<\/span>\t\t<\/div>\n\t<\/a>\n<\/div>\n<\/div>\t\t\t\t<\/div>\n\t\t\t\t<\/div>\n\t\t\t\t<\/div>\n\t\t\t\t\t<\/div>\n\t\t\t\t<\/div>\n\t\t\t\t<\/div>\n\t\t","protected":false},"excerpt":{"rendered":"<p>Environnements Virtuels R\u00e9alistes AVSimulation assiste ses clients dans la cr\u00e9ation de contenus, tels que des sc\u00e9narios, des environnements 3D, des v\u00e9hicules pour la circulation ou d&rsquo;autres usages, des ensembles de donn\u00e9es de signalisation, des pi\u00e9tons ou des objets anim\u00e9s, etc. En fonction de vos sp\u00e9cifications, nous vous proposerons un projet complet avec des \u00e9tapes et [&hellip;]<\/p>\n","protected":false},"author":1,"featured_media":3712,"parent":40746,"menu_order":0,"comment_status":"closed","ping_status":"closed","template":"","meta":{"footnotes":""},"tags-app":[],"class_list":["post-3734","page","type-page","status-publish","has-post-thumbnail","hentry"],"_links":{"self":[{"href":"https:\/\/www.avsimulation.com\/fr\/wp-json\/wp\/v2\/pages\/3734","targetHints":{"allow":["GET"]}}],"collection":[{"href":"https:\/\/www.avsimulation.com\/fr\/wp-json\/wp\/v2\/pages"}],"about":[{"href":"https:\/\/www.avsimulation.com\/fr\/wp-json\/wp\/v2\/types\/page"}],"author":[{"embeddable":true,"href":"https:\/\/www.avsimulation.com\/fr\/wp-json\/wp\/v2\/users\/1"}],"replies":[{"embeddable":true,"href":"https:\/\/www.avsimulation.com\/fr\/wp-json\/wp\/v2\/comments?post=3734"}],"version-history":[{"count":4,"href":"https:\/\/www.avsimulation.com\/fr\/wp-json\/wp\/v2\/pages\/3734\/revisions"}],"predecessor-version":[{"id":46455,"href":"https:\/\/www.avsimulation.com\/fr\/wp-json\/wp\/v2\/pages\/3734\/revisions\/46455"}],"up":[{"embeddable":true,"href":"https:\/\/www.avsimulation.com\/fr\/wp-json\/wp\/v2\/pages\/40746"}],"wp:featuredmedia":[{"embeddable":true,"href":"https:\/\/www.avsimulation.com\/fr\/wp-json\/wp\/v2\/media\/3712"}],"wp:attachment":[{"href":"https:\/\/www.avsimulation.com\/fr\/wp-json\/wp\/v2\/media?parent=3734"}],"wp:term":[{"taxonomy":"tags-app","embeddable":true,"href":"https:\/\/www.avsimulation.com\/fr\/wp-json\/wp\/v2\/tags-app?post=3734"}],"curies":[{"name":"wp","href":"https:\/\/api.w.org\/{rel}","templated":true}]}}