{"id":3727,"date":"2024-07-15T23:51:34","date_gmt":"2024-07-15T21:51:34","guid":{"rendered":"https:\/\/www.avsimulation.com\/etudes\/"},"modified":"2025-04-29T09:35:55","modified_gmt":"2025-04-29T07:35:55","slug":"etudes","status":"publish","type":"page","link":"https:\/\/www.avsimulation.com\/fr\/services\/expertise\/etudes\/","title":{"rendered":"Projets d\u2019\u00e9tude"},"content":{"rendered":"\t\t<div data-elementor-type=\"wp-page\" data-elementor-id=\"3727\" class=\"elementor elementor-3727 elementor-3368\" data-elementor-post-type=\"page\">\n\t\t\t\t<div class=\"elementor-element elementor-element-a9dbbe3 e-flex e-con-boxed elementor-invisible e-con e-parent\" data-id=\"a9dbbe3\" data-element_type=\"container\" data-settings=\"{&quot;jet_parallax_layout_list&quot;:[],&quot;animation&quot;:&quot;fadeIn&quot;}\">\n\t\t\t\t\t<div class=\"e-con-inner\">\n\t\t\t\t<div class=\"elementor-element elementor-element-9e8ecd7 elementor-widget elementor-widget-spacer\" data-id=\"9e8ecd7\" data-element_type=\"widget\" data-widget_type=\"spacer.default\">\n\t\t\t\t<div class=\"elementor-widget-container\">\n\t\t\t\t\t\t\t<div class=\"elementor-spacer\">\n\t\t\t<div class=\"elementor-spacer-inner\"><\/div>\n\t\t<\/div>\n\t\t\t\t\t\t<\/div>\n\t\t\t\t<\/div>\n\t\t<div class=\"elementor-element elementor-element-15a8a84 e-con-full e-flex e-con e-child\" data-id=\"15a8a84\" data-element_type=\"container\" data-settings=\"{&quot;jet_parallax_layout_list&quot;:[]}\">\n\t\t<div class=\"elementor-element elementor-element-f6f08cf e-con-full e-flex e-con e-child\" data-id=\"f6f08cf\" data-element_type=\"container\" data-settings=\"{&quot;jet_parallax_layout_list&quot;:[]}\">\n\t\t\t\t<div class=\"elementor-element elementor-element-2de1e39 elementor-widget elementor-widget-image\" data-id=\"2de1e39\" data-element_type=\"widget\" data-widget_type=\"image.default\">\n\t\t\t\t<div class=\"elementor-widget-container\">\n\t\t\t\t\t\t\t\t\t\t\t\t\t\t\t<img fetchpriority=\"high\" decoding=\"async\" width=\"543\" height=\"372\" src=\"https:\/\/www.avsimulation.com\/wp-content\/uploads\/2025\/01\/Capture-decran-2025-01-27-155008.png\" class=\"attachment-large size-large wp-image-45299\" alt=\"\" srcset=\"https:\/\/www.avsimulation.com\/wp-content\/uploads\/2025\/01\/Capture-decran-2025-01-27-155008.png 543w, https:\/\/www.avsimulation.com\/wp-content\/uploads\/2025\/01\/Capture-decran-2025-01-27-155008-300x206.png 300w\" sizes=\"(max-width: 543px) 100vw, 543px\" \/>\t\t\t\t\t\t\t\t\t\t\t\t\t\t\t<\/div>\n\t\t\t\t<\/div>\n\t\t\t\t<\/div>\n\t\t<div class=\"elementor-element elementor-element-45645d3 e-con-full e-flex e-con e-child\" data-id=\"45645d3\" data-element_type=\"container\" data-settings=\"{&quot;jet_parallax_layout_list&quot;:[]}\">\n\t\t\t\t<div class=\"elementor-element elementor-element-374114b elementor-widget elementor-widget-heading\" data-id=\"374114b\" data-element_type=\"widget\" data-widget_type=\"heading.default\">\n\t\t\t\t<div class=\"elementor-widget-container\">\n\t\t\t\t\t<h1 class=\"elementor-heading-title elementor-size-default\">D\u00c9COUVREZ Projets d\u2019\u00e9tude<\/h1>\t\t\t\t<\/div>\n\t\t\t\t<\/div>\n\t\t\t\t<div class=\"elementor-element elementor-element-3c89b49 elementor-widget elementor-widget-heading\" data-id=\"3c89b49\" data-element_type=\"widget\" data-widget_type=\"heading.default\">\n\t\t\t\t<div class=\"elementor-widget-container\">\n\t\t\t\t\t<h3 class=\"elementor-heading-title elementor-size-default\">Comprendre vos besoins<\/h3>\t\t\t\t<\/div>\n\t\t\t\t<\/div>\n\t\t\t\t<div class=\"elementor-element elementor-element-b4a5fb7 elementor-widget elementor-widget-text-editor\" data-id=\"b4a5fb7\" data-element_type=\"widget\" data-widget_type=\"text-editor.default\">\n\t\t\t\t<div class=\"elementor-widget-container\">\n\t\t\t\t\t\t\t\t\t<p>AVSimulation est r\u00e9put\u00e9e pour fournir des informations pr\u00e9cises et exploitables. Si vous ne souhaitez pas adopter les technologies de simulation mais que vous d\u00e9sirez tout de m\u00eame obtenir des r\u00e9sultats pr\u00e9cis et concrets \u00e0 vos projets, notre service \u201cProjets d\u2019\u00e9tude\u201d est con\u00e7u pour vous.<\/p>\t\t\t\t\t\t\t\t<\/div>\n\t\t\t\t<\/div>\n\t\t\t\t<\/div>\n\t\t\t\t<\/div>\n\t\t\t\t\t<\/div>\n\t\t\t\t<\/div>\n\t\t<div class=\"elementor-element elementor-element-4e66a66 e-flex e-con-boxed e-con e-parent\" data-id=\"4e66a66\" data-element_type=\"container\" data-settings=\"{&quot;jet_parallax_layout_list&quot;:[]}\">\n\t\t\t\t\t<div class=\"e-con-inner\">\n\t\t<div class=\"elementor-element elementor-element-56d506b e-con-full e-flex e-con e-child\" data-id=\"56d506b\" data-element_type=\"container\" data-settings=\"{&quot;jet_parallax_layout_list&quot;:[]}\">\n\t\t<div class=\"elementor-element elementor-element-b506f35 e-con-full e-flex e-con e-child\" data-id=\"b506f35\" data-element_type=\"container\" data-settings=\"{&quot;jet_parallax_layout_list&quot;:[],&quot;background_background&quot;:&quot;classic&quot;}\">\n\t\t<div class=\"elementor-element elementor-element-ac453a9 e-con-full e-flex e-con e-child\" data-id=\"ac453a9\" data-element_type=\"container\" data-settings=\"{&quot;jet_parallax_layout_list&quot;:[]}\">\n\t\t\t\t<div class=\"elementor-element elementor-element-7da310c elementor-widget elementor-widget-heading\" data-id=\"7da310c\" data-element_type=\"widget\" data-widget_type=\"heading.default\">\n\t\t\t\t<div class=\"elementor-widget-container\">\n\t\t\t\t\t<h3 class=\"elementor-heading-title elementor-size-default\">Toujours \u00e0 vos c\u00f4t\u00e9s<\/h3>\t\t\t\t<\/div>\n\t\t\t\t<\/div>\n\t\t\t\t<div class=\"elementor-element elementor-element-4ecf253 elementor-icon-list--layout-traditional elementor-list-item-link-full_width elementor-widget elementor-widget-icon-list\" data-id=\"4ecf253\" data-element_type=\"widget\" data-widget_type=\"icon-list.default\">\n\t\t\t\t<div class=\"elementor-widget-container\">\n\t\t\t\t\t\t\t<ul class=\"elementor-icon-list-items\">\n\t\t\t\t\t\t\t<li class=\"elementor-icon-list-item\">\n\t\t\t\t\t\t\t\t\t\t\t<span class=\"elementor-icon-list-icon\">\n\t\t\t\t\t\t\t<svg xmlns=\"http:\/\/www.w3.org\/2000\/svg\" width=\"23\" height=\"23\" viewBox=\"0 0 23 23\" fill=\"none\"><path id=\"Vector\" d=\"M0.365511 17.8052C0.608445 19.9023 2.26546 21.5561 4.36659 21.7986C6.05114 21.9932 8.32104 22.1634 11.103 22.1634C13.885 22.1634 16.1549 21.9932 17.8394 21.7986C19.9406 21.5561 21.5976 19.9023 21.8405 17.8052C22.0355 16.1239 22.206 13.8583 22.206 11.0817C22.206 8.30507 22.0355 6.03953 21.8405 4.35821C21.5976 2.26111 19.9406 0.607277 17.8394 0.36481C16.1549 0.170215 13.885 0 11.103 0C8.32104 0 6.05114 0.170215 4.36659 0.36481C2.26546 0.607277 0.608445 2.26111 0.365511 4.35821C0.170542 6.03953 0 8.30507 0 11.0817C0 13.8583 0.170542 16.1239 0.365511 17.8052ZM15.8866 11.0817L14.974 11.978L9.09425 17.752L7.78188 16.5569L12.2706 11.0817L7.78232 5.60645L9.0947 4.4114L14.9744 10.1854L15.8866 11.0817Z\" fill=\"url(#paint0_linear_1088_2892)\"><\/path><defs><linearGradient id=\"paint0_linear_1088_2892\" x1=\"0\" y1=\"11.0817\" x2=\"22.206\" y2=\"11.0817\" gradientUnits=\"userSpaceOnUse\"><stop stop-color=\"#2E348D\"><\/stop><stop offset=\"0.345\" stop-color=\"#2484C0\"><\/stop><stop offset=\"0.675\" stop-color=\"#4ABED3\"><\/stop><stop offset=\"1\" stop-color=\"#C1DEBA\"><\/stop><\/linearGradient><\/defs><\/svg>\t\t\t\t\t\t<\/span>\n\t\t\t\t\t\t\t\t\t\t<span class=\"elementor-icon-list-text\">Nous fournissons des informations cibl\u00e9es et pertinentes, adapt\u00e9es \u00e0 vos besoins.<\/span>\n\t\t\t\t\t\t\t\t\t<\/li>\n\t\t\t\t\t\t\t\t<li class=\"elementor-icon-list-item\">\n\t\t\t\t\t\t\t\t\t\t\t<span class=\"elementor-icon-list-icon\">\n\t\t\t\t\t\t\t<svg xmlns=\"http:\/\/www.w3.org\/2000\/svg\" width=\"23\" height=\"23\" viewBox=\"0 0 23 23\" fill=\"none\"><path id=\"Vector\" d=\"M0.365511 17.8052C0.608445 19.9023 2.26546 21.5561 4.36659 21.7986C6.05114 21.9932 8.32104 22.1634 11.103 22.1634C13.885 22.1634 16.1549 21.9932 17.8394 21.7986C19.9406 21.5561 21.5976 19.9023 21.8405 17.8052C22.0355 16.1239 22.206 13.8583 22.206 11.0817C22.206 8.30507 22.0355 6.03953 21.8405 4.35821C21.5976 2.26111 19.9406 0.607277 17.8394 0.36481C16.1549 0.170215 13.885 0 11.103 0C8.32104 0 6.05114 0.170215 4.36659 0.36481C2.26546 0.607277 0.608445 2.26111 0.365511 4.35821C0.170542 6.03953 0 8.30507 0 11.0817C0 13.8583 0.170542 16.1239 0.365511 17.8052ZM15.8866 11.0817L14.974 11.978L9.09425 17.752L7.78188 16.5569L12.2706 11.0817L7.78232 5.60645L9.0947 4.4114L14.9744 10.1854L15.8866 11.0817Z\" fill=\"url(#paint0_linear_1088_2892)\"><\/path><defs><linearGradient id=\"paint0_linear_1088_2892\" x1=\"0\" y1=\"11.0817\" x2=\"22.206\" y2=\"11.0817\" gradientUnits=\"userSpaceOnUse\"><stop stop-color=\"#2E348D\"><\/stop><stop offset=\"0.345\" stop-color=\"#2484C0\"><\/stop><stop offset=\"0.675\" stop-color=\"#4ABED3\"><\/stop><stop offset=\"1\" stop-color=\"#C1DEBA\"><\/stop><\/linearGradient><\/defs><\/svg>\t\t\t\t\t\t<\/span>\n\t\t\t\t\t\t\t\t\t\t<span class=\"elementor-icon-list-text\">Nous fournissons des informations cibl\u00e9es et pertinentes, adapt\u00e9es \u00e0 vos besoins.<\/span>\n\t\t\t\t\t\t\t\t\t<\/li>\n\t\t\t\t\t\t\t\t<li class=\"elementor-icon-list-item\">\n\t\t\t\t\t\t\t\t\t\t\t<span class=\"elementor-icon-list-icon\">\n\t\t\t\t\t\t\t<svg xmlns=\"http:\/\/www.w3.org\/2000\/svg\" width=\"23\" height=\"23\" viewBox=\"0 0 23 23\" fill=\"none\"><path id=\"Vector\" d=\"M0.365511 17.8052C0.608445 19.9023 2.26546 21.5561 4.36659 21.7986C6.05114 21.9932 8.32104 22.1634 11.103 22.1634C13.885 22.1634 16.1549 21.9932 17.8394 21.7986C19.9406 21.5561 21.5976 19.9023 21.8405 17.8052C22.0355 16.1239 22.206 13.8583 22.206 11.0817C22.206 8.30507 22.0355 6.03953 21.8405 4.35821C21.5976 2.26111 19.9406 0.607277 17.8394 0.36481C16.1549 0.170215 13.885 0 11.103 0C8.32104 0 6.05114 0.170215 4.36659 0.36481C2.26546 0.607277 0.608445 2.26111 0.365511 4.35821C0.170542 6.03953 0 8.30507 0 11.0817C0 13.8583 0.170542 16.1239 0.365511 17.8052ZM15.8866 11.0817L14.974 11.978L9.09425 17.752L7.78188 16.5569L12.2706 11.0817L7.78232 5.60645L9.0947 4.4114L14.9744 10.1854L15.8866 11.0817Z\" fill=\"url(#paint0_linear_1088_2892)\"><\/path><defs><linearGradient id=\"paint0_linear_1088_2892\" x1=\"0\" y1=\"11.0817\" x2=\"22.206\" y2=\"11.0817\" gradientUnits=\"userSpaceOnUse\"><stop stop-color=\"#2E348D\"><\/stop><stop offset=\"0.345\" stop-color=\"#2484C0\"><\/stop><stop offset=\"0.675\" stop-color=\"#4ABED3\"><\/stop><stop offset=\"1\" stop-color=\"#C1DEBA\"><\/stop><\/linearGradient><\/defs><\/svg>\t\t\t\t\t\t<\/span>\n\t\t\t\t\t\t\t\t\t\t<span class=\"elementor-icon-list-text\">Nous proposons des recommandations personnalis\u00e9es sur la base de nos conclusions<\/span>\n\t\t\t\t\t\t\t\t\t<\/li>\n\t\t\t\t\t\t<\/ul>\n\t\t\t\t\t\t<\/div>\n\t\t\t\t<\/div>\n\t\t\t\t<\/div>\n\t\t<div class=\"elementor-element elementor-element-0e83ee7 e-con-full e-flex e-con e-child\" data-id=\"0e83ee7\" data-element_type=\"container\" data-settings=\"{&quot;jet_parallax_layout_list&quot;:[]}\">\n\t\t\t\t<div class=\"elementor-element elementor-element-ca526b1 elementor-widget elementor-widget-heading\" data-id=\"ca526b1\" data-element_type=\"widget\" data-widget_type=\"heading.default\">\n\t\t\t\t<div class=\"elementor-widget-container\">\n\t\t\t\t\t<h3 class=\"elementor-heading-title elementor-size-default\">Am\u00e9liorez votre efficacit\u00e9<\/h3>\t\t\t\t<\/div>\n\t\t\t\t<\/div>\n\t\t\t\t<div class=\"elementor-element elementor-element-7126656 elementor-icon-list--layout-traditional elementor-list-item-link-full_width elementor-widget elementor-widget-icon-list\" data-id=\"7126656\" data-element_type=\"widget\" data-widget_type=\"icon-list.default\">\n\t\t\t\t<div class=\"elementor-widget-container\">\n\t\t\t\t\t\t\t<ul class=\"elementor-icon-list-items\">\n\t\t\t\t\t\t\t<li class=\"elementor-icon-list-item\">\n\t\t\t\t\t\t\t\t\t\t\t<span class=\"elementor-icon-list-icon\">\n\t\t\t\t\t\t\t<svg xmlns=\"http:\/\/www.w3.org\/2000\/svg\" width=\"23\" height=\"23\" viewBox=\"0 0 23 23\" fill=\"none\"><path id=\"Vector\" d=\"M0.365511 17.8052C0.608445 19.9023 2.26546 21.5561 4.36659 21.7986C6.05114 21.9932 8.32104 22.1634 11.103 22.1634C13.885 22.1634 16.1549 21.9932 17.8394 21.7986C19.9406 21.5561 21.5976 19.9023 21.8405 17.8052C22.0355 16.1239 22.206 13.8583 22.206 11.0817C22.206 8.30507 22.0355 6.03953 21.8405 4.35821C21.5976 2.26111 19.9406 0.607277 17.8394 0.36481C16.1549 0.170215 13.885 0 11.103 0C8.32104 0 6.05114 0.170215 4.36659 0.36481C2.26546 0.607277 0.608445 2.26111 0.365511 4.35821C0.170542 6.03953 0 8.30507 0 11.0817C0 13.8583 0.170542 16.1239 0.365511 17.8052ZM15.8866 11.0817L14.974 11.978L9.09425 17.752L7.78188 16.5569L12.2706 11.0817L7.78232 5.60645L9.0947 4.4114L14.9744 10.1854L15.8866 11.0817Z\" fill=\"url(#paint0_linear_1088_2892)\"><\/path><defs><linearGradient id=\"paint0_linear_1088_2892\" x1=\"0\" y1=\"11.0817\" x2=\"22.206\" y2=\"11.0817\" gradientUnits=\"userSpaceOnUse\"><stop stop-color=\"#2E348D\"><\/stop><stop offset=\"0.345\" stop-color=\"#2484C0\"><\/stop><stop offset=\"0.675\" stop-color=\"#4ABED3\"><\/stop><stop offset=\"1\" stop-color=\"#C1DEBA\"><\/stop><\/linearGradient><\/defs><\/svg>\t\t\t\t\t\t<\/span>\n\t\t\t\t\t\t\t\t\t\t<span class=\"elementor-icon-list-text\">Rationalisez votre prise de d\u00e9cision gr\u00e2ce \u00e0 des informations claires et exploitables.<\/span>\n\t\t\t\t\t\t\t\t\t<\/li>\n\t\t\t\t\t\t\t\t<li class=\"elementor-icon-list-item\">\n\t\t\t\t\t\t\t\t\t\t\t<span class=\"elementor-icon-list-icon\">\n\t\t\t\t\t\t\t<svg xmlns=\"http:\/\/www.w3.org\/2000\/svg\" width=\"23\" height=\"23\" viewBox=\"0 0 23 23\" fill=\"none\"><path id=\"Vector\" d=\"M0.365511 17.8052C0.608445 19.9023 2.26546 21.5561 4.36659 21.7986C6.05114 21.9932 8.32104 22.1634 11.103 22.1634C13.885 22.1634 16.1549 21.9932 17.8394 21.7986C19.9406 21.5561 21.5976 19.9023 21.8405 17.8052C22.0355 16.1239 22.206 13.8583 22.206 11.0817C22.206 8.30507 22.0355 6.03953 21.8405 4.35821C21.5976 2.26111 19.9406 0.607277 17.8394 0.36481C16.1549 0.170215 13.885 0 11.103 0C8.32104 0 6.05114 0.170215 4.36659 0.36481C2.26546 0.607277 0.608445 2.26111 0.365511 4.35821C0.170542 6.03953 0 8.30507 0 11.0817C0 13.8583 0.170542 16.1239 0.365511 17.8052ZM15.8866 11.0817L14.974 11.978L9.09425 17.752L7.78188 16.5569L12.2706 11.0817L7.78232 5.60645L9.0947 4.4114L14.9744 10.1854L15.8866 11.0817Z\" fill=\"url(#paint0_linear_1088_2892)\"><\/path><defs><linearGradient id=\"paint0_linear_1088_2892\" x1=\"0\" y1=\"11.0817\" x2=\"22.206\" y2=\"11.0817\" gradientUnits=\"userSpaceOnUse\"><stop stop-color=\"#2E348D\"><\/stop><stop offset=\"0.345\" stop-color=\"#2484C0\"><\/stop><stop offset=\"0.675\" stop-color=\"#4ABED3\"><\/stop><stop offset=\"1\" stop-color=\"#C1DEBA\"><\/stop><\/linearGradient><\/defs><\/svg>\t\t\t\t\t\t<\/span>\n\t\t\t\t\t\t\t\t\t\t<span class=\"elementor-icon-list-text\">Am\u00e9liorez vos processus en tirant parti de recommandations fond\u00e9es sur des donn\u00e9es<\/span>\n\t\t\t\t\t\t\t\t\t<\/li>\n\t\t\t\t\t\t\t\t<li class=\"elementor-icon-list-item\">\n\t\t\t\t\t\t\t\t\t\t\t<span class=\"elementor-icon-list-icon\">\n\t\t\t\t\t\t\t<svg xmlns=\"http:\/\/www.w3.org\/2000\/svg\" width=\"23\" height=\"23\" viewBox=\"0 0 23 23\" fill=\"none\"><path id=\"Vector\" d=\"M0.365511 17.8052C0.608445 19.9023 2.26546 21.5561 4.36659 21.7986C6.05114 21.9932 8.32104 22.1634 11.103 22.1634C13.885 22.1634 16.1549 21.9932 17.8394 21.7986C19.9406 21.5561 21.5976 19.9023 21.8405 17.8052C22.0355 16.1239 22.206 13.8583 22.206 11.0817C22.206 8.30507 22.0355 6.03953 21.8405 4.35821C21.5976 2.26111 19.9406 0.607277 17.8394 0.36481C16.1549 0.170215 13.885 0 11.103 0C8.32104 0 6.05114 0.170215 4.36659 0.36481C2.26546 0.607277 0.608445 2.26111 0.365511 4.35821C0.170542 6.03953 0 8.30507 0 11.0817C0 13.8583 0.170542 16.1239 0.365511 17.8052ZM15.8866 11.0817L14.974 11.978L9.09425 17.752L7.78188 16.5569L12.2706 11.0817L7.78232 5.60645L9.0947 4.4114L14.9744 10.1854L15.8866 11.0817Z\" fill=\"url(#paint0_linear_1088_2892)\"><\/path><defs><linearGradient id=\"paint0_linear_1088_2892\" x1=\"0\" y1=\"11.0817\" x2=\"22.206\" y2=\"11.0817\" gradientUnits=\"userSpaceOnUse\"><stop stop-color=\"#2E348D\"><\/stop><stop offset=\"0.345\" stop-color=\"#2484C0\"><\/stop><stop offset=\"0.675\" stop-color=\"#4ABED3\"><\/stop><stop offset=\"1\" stop-color=\"#C1DEBA\"><\/stop><\/linearGradient><\/defs><\/svg>\t\t\t\t\t\t<\/span>\n\t\t\t\t\t\t\t\t\t\t<span class=\"elementor-icon-list-text\"> R\u00e9duire les risques et optimiser les performances gr\u00e2ce \u00e0 des analyses pr\u00e9cises<\/span>\n\t\t\t\t\t\t\t\t\t<\/li>\n\t\t\t\t\t\t<\/ul>\n\t\t\t\t\t\t<\/div>\n\t\t\t\t<\/div>\n\t\t\t\t<\/div>\n\t\t\t\t<\/div>\n\t\t<div class=\"elementor-element elementor-element-225a6b3 e-flex e-con-boxed e-con e-child\" data-id=\"225a6b3\" data-element_type=\"container\" data-settings=\"{&quot;jet_parallax_layout_list&quot;:[]}\">\n\t\t\t\t\t<div class=\"e-con-inner\">\n\t\t<div class=\"elementor-element elementor-element-abc3abf e-con-full e-flex e-con e-child\" data-id=\"abc3abf\" data-element_type=\"container\" data-settings=\"{&quot;jet_parallax_layout_list&quot;:[]}\">\n\t\t\t\t<div class=\"elementor-element elementor-element-fce70ce elementor-widget elementor-widget-heading\" data-id=\"fce70ce\" data-element_type=\"widget\" data-widget_type=\"heading.default\">\n\t\t\t\t<div class=\"elementor-widget-container\">\n\t\t\t\t\t<h3 class=\"elementor-heading-title elementor-size-default\">Livrable<\/h3>\t\t\t\t<\/div>\n\t\t\t\t<\/div>\n\t\t\t\t<div class=\"elementor-element elementor-element-7595444 elementor-widget elementor-widget-image\" data-id=\"7595444\" data-element_type=\"widget\" data-widget_type=\"image.default\">\n\t\t\t\t<div class=\"elementor-widget-container\">\n\t\t\t\t\t\t\t\t\t\t\t\t\t\t\t<img decoding=\"async\" width=\"65\" height=\"3\" src=\"https:\/\/www.avsimulation.com\/wp-content\/uploads\/2024\/07\/separateur2.png\" class=\"attachment-large size-large wp-image-522\" alt=\"\" \/>\t\t\t\t\t\t\t\t\t\t\t\t\t\t\t<\/div>\n\t\t\t\t<\/div>\n\t\t<div class=\"elementor-element elementor-element-a959264 e-con-full e-flex e-con e-child\" data-id=\"a959264\" data-element_type=\"container\" data-settings=\"{&quot;jet_parallax_layout_list&quot;:[]}\">\n\t\t<div class=\"elementor-element elementor-element-ecd4586 e-con-full e-flex e-con e-child\" data-id=\"ecd4586\" data-element_type=\"container\" data-settings=\"{&quot;jet_parallax_layout_list&quot;:[]}\">\n\t\t\t\t<div class=\"elementor-element elementor-element-23bf5ec elementor-widget elementor-widget-heading\" data-id=\"23bf5ec\" data-element_type=\"widget\" data-widget_type=\"heading.default\">\n\t\t\t\t<div class=\"elementor-widget-container\">\n\t\t\t\t\t<h5 class=\"elementor-heading-title elementor-size-default\">- Analyse d\u00e9taill\u00e9e des besoins<\/h5>\t\t\t\t<\/div>\n\t\t\t\t<\/div>\n\t\t\t\t<div class=\"elementor-element elementor-element-9630d8b elementor-widget elementor-widget-heading\" data-id=\"9630d8b\" data-element_type=\"widget\" data-widget_type=\"heading.default\">\n\t\t\t\t<div class=\"elementor-widget-container\">\n\t\t\t\t\t<h5 class=\"elementor-heading-title elementor-size-default\">- Ex\u00e9cution de l\u2019\u00e9tude<\/h5>\t\t\t\t<\/div>\n\t\t\t\t<\/div>\n\t\t\t\t<div class=\"elementor-element elementor-element-373849d elementor-widget elementor-widget-heading\" data-id=\"373849d\" data-element_type=\"widget\" data-widget_type=\"heading.default\">\n\t\t\t\t<div class=\"elementor-widget-container\">\n\t\t\t\t\t<h5 class=\"elementor-heading-title elementor-size-default\">- Conseils professionnels<\/h5>\t\t\t\t<\/div>\n\t\t\t\t<\/div>\n\t\t\t\t<\/div>\n\t\t\t\t<div class=\"elementor-element elementor-element-29ba146 elementor-widget elementor-widget-heading\" data-id=\"29ba146\" data-element_type=\"widget\" data-widget_type=\"heading.default\">\n\t\t\t\t<div class=\"elementor-widget-container\">\n\t\t\t\t\t<h5 class=\"elementor-heading-title elementor-size-default\">Et plus encore, selon vos demandes.<\/h5>\t\t\t\t<\/div>\n\t\t\t\t<\/div>\n\t\t\t\t<\/div>\n\t\t\t\t<\/div>\n\t\t<div class=\"elementor-element elementor-element-f6a4203 e-con-full e-flex e-con e-child\" data-id=\"f6a4203\" data-element_type=\"container\" data-settings=\"{&quot;jet_parallax_layout_list&quot;:[]}\">\n\t\t\t\t<div class=\"elementor-element elementor-element-c678edd elementor-widget elementor-widget-spacer\" data-id=\"c678edd\" data-element_type=\"widget\" data-widget_type=\"spacer.default\">\n\t\t\t\t<div class=\"elementor-widget-container\">\n\t\t\t\t\t\t\t<div class=\"elementor-spacer\">\n\t\t\t<div class=\"elementor-spacer-inner\"><\/div>\n\t\t<\/div>\n\t\t\t\t\t\t<\/div>\n\t\t\t\t<\/div>\n\t\t\t\t<div class=\"elementor-element elementor-element-54af67b elementor-widget-laptop__width-initial elementor-widget elementor-widget-image\" data-id=\"54af67b\" data-element_type=\"widget\" data-widget_type=\"image.default\">\n\t\t\t\t<div class=\"elementor-widget-container\">\n\t\t\t\t\t\t\t\t\t\t\t\t\t\t\t<img decoding=\"async\" width=\"428\" height=\"283\" src=\"https:\/\/www.avsimulation.com\/wp-content\/uploads\/2025\/02\/Capture-decran-2025-02-12-114203.png\" class=\"attachment-full size-full wp-image-45470\" alt=\"\" srcset=\"https:\/\/www.avsimulation.com\/wp-content\/uploads\/2025\/02\/Capture-decran-2025-02-12-114203.png 428w, https:\/\/www.avsimulation.com\/wp-content\/uploads\/2025\/02\/Capture-decran-2025-02-12-114203-300x198.png 300w\" sizes=\"(max-width: 428px) 100vw, 428px\" \/>\t\t\t\t\t\t\t\t\t\t\t\t\t\t\t<\/div>\n\t\t\t\t<\/div>\n\t\t\t\t<\/div>\n\t\t\t\t\t<\/div>\n\t\t\t\t<\/div>\n\t\t\t\t<\/div>\n\t\t\t\t\t<\/div>\n\t\t\t\t<\/div>\n\t\t<div class=\"elementor-element elementor-element-88bdebd e-flex e-con-boxed e-con e-child\" data-id=\"88bdebd\" data-element_type=\"container\" data-settings=\"{&quot;jet_parallax_layout_list&quot;:[]}\">\n\t\t\t\t\t<div class=\"e-con-inner\">\n\t\t<div class=\"elementor-element elementor-element-c68c55a e-con-full e-flex e-con e-child\" data-id=\"c68c55a\" data-element_type=\"container\" data-settings=\"{&quot;jet_parallax_layout_list&quot;:[],&quot;background_background&quot;:&quot;classic&quot;}\">\n\t\t\t\t<div class=\"elementor-element elementor-element-22be12d elementor-widget__width-initial elementor-widget elementor-widget-heading\" data-id=\"22be12d\" data-element_type=\"widget\" data-widget_type=\"heading.default\">\n\t\t\t\t<div class=\"elementor-widget-container\">\n\t\t\t\t\t<h2 class=\"elementor-heading-title elementor-size-default\">Vous souhaitez en savoir plus sur nos \u00e9tudes ?<\/h2>\t\t\t\t<\/div>\n\t\t\t\t<\/div>\n\t\t\t\t<div class=\"elementor-element elementor-element-ca0c5e2 elementor-widget elementor-widget-jet-button\" data-id=\"ca0c5e2\" data-element_type=\"widget\" data-widget_type=\"jet-button.default\">\n\t\t\t\t<div class=\"elementor-widget-container\">\n\t\t\t\t\t<div class=\"elementor-jet-button jet-elements\"><div class=\"jet-button__container\">\n\t<a class=\"jet-button__instance jet-button__instance--icon-right hover-effect-0\" href=\"https:\/\/www.avsimulation.com\/en\/contact-us\/\">\n\t\t<div class=\"jet-button__plane jet-button__plane-normal\"><\/div>\n\t\t<div class=\"jet-button__plane jet-button__plane-hover\"><\/div>\n\t\t<div class=\"jet-button__state jet-button__state-normal\">\n\t\t\t<span class=\"jet-button__icon jet-elements-icon\"><svg xmlns=\"http:\/\/www.w3.org\/2000\/svg\" width=\"28\" height=\"28\" viewBox=\"0 0 28 28\" fill=\"none\"><circle cx=\"14\" cy=\"14.036\" r=\"13.5\" fill=\"white\" fill-opacity=\"0.21\"><\/circle><path d=\"M17 14.036C17 13.803 16.928 13.57 16.7842 13.3924L12.2583 7.80266C11.9704 7.44709 11.5036 7.44709 11.2158 7.80266C10.9281 8.1581 10.9281 8.7345 11.2158 9.0901L15.2206 14.036L11.216 18.9818C10.9282 19.3374 10.9282 19.9138 11.216 20.2692C11.5038 20.6249 11.9706 20.6249 12.2585 20.2692L16.7844 14.6795C16.9281 14.5018 17 14.2689 17 14.036Z\" fill=\"white\"><\/path><\/svg><\/span><span class=\"jet-button__label\">Contactez nous<\/span>\t\t<\/div>\n\t\t<div class=\"jet-button__state jet-button__state-hover\">\n\t\t\t<span class=\"jet-button__label\">Allez<\/span>\t\t<\/div>\n\t<\/a>\n<\/div>\n<\/div>\t\t\t\t<\/div>\n\t\t\t\t<\/div>\n\t\t\t\t<\/div>\n\t\t\t\t\t<\/div>\n\t\t\t\t<\/div>\n\t\t\t\t<\/div>\n\t\t","protected":false},"excerpt":{"rendered":"<p>Comprendre vos besoins AVSimulation est r\u00e9put\u00e9e pour fournir des informations pr\u00e9cises et exploitables. Si vous ne souhaitez pas adopter les technologies de simulation mais que vous d\u00e9sirez tout de m\u00eame obtenir des r\u00e9sultats pr\u00e9cis et concrets \u00e0 vos projets, notre service \u201cProjets d\u2019\u00e9tude\u201d est con\u00e7u pour vous. Toujours \u00e0 vos c\u00f4t\u00e9s Nous fournissons des informations [&hellip;]<\/p>\n","protected":false},"author":1,"featured_media":2856,"parent":40749,"menu_order":0,"comment_status":"closed","ping_status":"closed","template":"","meta":{"footnotes":""},"tags-app":[],"class_list":["post-3727","page","type-page","status-publish","has-post-thumbnail","hentry"],"_links":{"self":[{"href":"https:\/\/www.avsimulation.com\/fr\/wp-json\/wp\/v2\/pages\/3727","targetHints":{"allow":["GET"]}}],"collection":[{"href":"https:\/\/www.avsimulation.com\/fr\/wp-json\/wp\/v2\/pages"}],"about":[{"href":"https:\/\/www.avsimulation.com\/fr\/wp-json\/wp\/v2\/types\/page"}],"author":[{"embeddable":true,"href":"https:\/\/www.avsimulation.com\/fr\/wp-json\/wp\/v2\/users\/1"}],"replies":[{"embeddable":true,"href":"https:\/\/www.avsimulation.com\/fr\/wp-json\/wp\/v2\/comments?post=3727"}],"version-history":[{"count":3,"href":"https:\/\/www.avsimulation.com\/fr\/wp-json\/wp\/v2\/pages\/3727\/revisions"}],"predecessor-version":[{"id":46461,"href":"https:\/\/www.avsimulation.com\/fr\/wp-json\/wp\/v2\/pages\/3727\/revisions\/46461"}],"up":[{"embeddable":true,"href":"https:\/\/www.avsimulation.com\/fr\/wp-json\/wp\/v2\/pages\/40749"}],"wp:featuredmedia":[{"embeddable":true,"href":"https:\/\/www.avsimulation.com\/fr\/wp-json\/wp\/v2\/media\/2856"}],"wp:attachment":[{"href":"https:\/\/www.avsimulation.com\/fr\/wp-json\/wp\/v2\/media?parent=3727"}],"wp:term":[{"taxonomy":"tags-app","embeddable":true,"href":"https:\/\/www.avsimulation.com\/fr\/wp-json\/wp\/v2\/tags-app?post=3727"}],"curies":[{"name":"wp","href":"https:\/\/api.w.org\/{rel}","templated":true}]}}