{"id":3622,"date":"2024-07-15T23:35:21","date_gmt":"2024-07-15T21:35:21","guid":{"rendered":"https:\/\/www.avsimulation.com\/custom-driving-simulators\/"},"modified":"2025-04-28T17:01:00","modified_gmt":"2025-04-28T15:01:00","slug":"simulateurs-conduite-personnalises","status":"publish","type":"page","link":"https:\/\/www.avsimulation.com\/fr\/services\/simulateurs\/simulateurs-conduite-personnalises\/","title":{"rendered":"Simulateurs de conduite personnalis\u00e9s"},"content":{"rendered":"\t\t<div data-elementor-type=\"wp-page\" data-elementor-id=\"3622\" class=\"elementor elementor-3622 elementor-3345\" data-elementor-post-type=\"page\">\n\t\t\t\t<div class=\"elementor-element elementor-element-77ed5f4 e-flex e-con-boxed elementor-invisible e-con e-parent\" data-id=\"77ed5f4\" data-element_type=\"container\" data-settings=\"{&quot;jet_parallax_layout_list&quot;:[],&quot;animation&quot;:&quot;fadeIn&quot;}\">\n\t\t\t\t\t<div class=\"e-con-inner\">\n\t\t\t\t<div class=\"elementor-element elementor-element-30a8f28 elementor-widget elementor-widget-spacer\" data-id=\"30a8f28\" data-element_type=\"widget\" data-widget_type=\"spacer.default\">\n\t\t\t\t<div class=\"elementor-widget-container\">\n\t\t\t\t\t\t\t<div class=\"elementor-spacer\">\n\t\t\t<div class=\"elementor-spacer-inner\"><\/div>\n\t\t<\/div>\n\t\t\t\t\t\t<\/div>\n\t\t\t\t<\/div>\n\t\t<div class=\"elementor-element elementor-element-041c3a8 e-con-full e-flex e-con e-child\" data-id=\"041c3a8\" data-element_type=\"container\" data-settings=\"{&quot;jet_parallax_layout_list&quot;:[]}\">\n\t\t<div class=\"elementor-element elementor-element-469418e e-con-full e-flex e-con e-child\" data-id=\"469418e\" data-element_type=\"container\" data-settings=\"{&quot;jet_parallax_layout_list&quot;:[]}\">\n\t\t\t\t<div class=\"elementor-element elementor-element-90dc33a elementor-widget elementor-widget-image\" data-id=\"90dc33a\" data-element_type=\"widget\" data-widget_type=\"image.default\">\n\t\t\t\t<div class=\"elementor-widget-container\">\n\t\t\t\t\t\t\t\t\t\t\t\t\t\t\t<img fetchpriority=\"high\" decoding=\"async\" width=\"800\" height=\"554\" src=\"https:\/\/www.avsimulation.com\/wp-content\/uploads\/2024\/07\/simdyn-iso-habillage-structure-ecran-1024x709.jpg\" class=\"attachment-large size-large wp-image-41288\" alt=\"\" srcset=\"https:\/\/www.avsimulation.com\/wp-content\/uploads\/2024\/07\/simdyn-iso-habillage-structure-ecran-1024x709.jpg 1024w, https:\/\/www.avsimulation.com\/wp-content\/uploads\/2024\/07\/simdyn-iso-habillage-structure-ecran-300x208.jpg 300w, https:\/\/www.avsimulation.com\/wp-content\/uploads\/2024\/07\/simdyn-iso-habillage-structure-ecran-768x532.jpg 768w, https:\/\/www.avsimulation.com\/wp-content\/uploads\/2024\/07\/simdyn-iso-habillage-structure-ecran-1536x1063.jpg 1536w, https:\/\/www.avsimulation.com\/wp-content\/uploads\/2024\/07\/simdyn-iso-habillage-structure-ecran.jpg 1920w\" sizes=\"(max-width: 800px) 100vw, 800px\" \/>\t\t\t\t\t\t\t\t\t\t\t\t\t\t\t<\/div>\n\t\t\t\t<\/div>\n\t\t\t\t<\/div>\n\t\t<div class=\"elementor-element elementor-element-c24fac2 e-con-full e-flex e-con e-child\" data-id=\"c24fac2\" data-element_type=\"container\" data-settings=\"{&quot;jet_parallax_layout_list&quot;:[]}\">\n\t\t\t\t<div class=\"elementor-element elementor-element-2a8662f elementor-widget elementor-widget-heading\" data-id=\"2a8662f\" data-element_type=\"widget\" data-widget_type=\"heading.default\">\n\t\t\t\t<div class=\"elementor-widget-container\">\n\t\t\t\t\t<h1 class=\"elementor-heading-title elementor-size-default\">D\u00c9COUVREZ Simulateurs de conduite personnalis\u00e9s<\/h1>\t\t\t\t<\/div>\n\t\t\t\t<\/div>\n\t\t\t\t<div class=\"elementor-element elementor-element-616be31 elementor-widget elementor-widget-heading\" data-id=\"616be31\" data-element_type=\"widget\" data-widget_type=\"heading.default\">\n\t\t\t\t<div class=\"elementor-widget-container\">\n\t\t\t\t\t<h3 class=\"elementor-heading-title elementor-size-default\">D\u00e9velopper le potentiel des simulateurs de conduite <\/h3>\t\t\t\t<\/div>\n\t\t\t\t<\/div>\n\t\t\t\t<div class=\"elementor-element elementor-element-10bad6b elementor-widget elementor-widget-text-editor\" data-id=\"10bad6b\" data-element_type=\"widget\" data-widget_type=\"text-editor.default\">\n\t\t\t\t<div class=\"elementor-widget-container\">\n\t\t\t\t\t\t\t\t\t<p>Vous vous lancez dans un projet de simulation de conduite et vous recherchez la solution de simulateur id\u00e9ale ? Ne cherchez pas plus loin ! Chez AVSimulation, nous sommes sp\u00e9cialis\u00e9s dans la fourniture de simulateurs de conduite personnalis\u00e9s, adapt\u00e9s \u00e0 vos besoins sp\u00e9cifiques.<\/p>\t\t\t\t\t\t\t\t<\/div>\n\t\t\t\t<\/div>\n\t\t\t\t<\/div>\n\t\t\t\t<\/div>\n\t\t\t\t\t<\/div>\n\t\t\t\t<\/div>\n\t\t<div class=\"elementor-element elementor-element-268c985 e-flex e-con-boxed e-con e-parent\" data-id=\"268c985\" data-element_type=\"container\" data-settings=\"{&quot;jet_parallax_layout_list&quot;:[]}\">\n\t\t\t\t\t<div class=\"e-con-inner\">\n\t\t<div class=\"elementor-element elementor-element-280b222 e-con-full e-flex e-con e-child\" data-id=\"280b222\" data-element_type=\"container\" data-settings=\"{&quot;jet_parallax_layout_list&quot;:[]}\">\n\t\t<div class=\"elementor-element elementor-element-611578d e-con-full e-flex e-con e-child\" data-id=\"611578d\" data-element_type=\"container\" data-settings=\"{&quot;jet_parallax_layout_list&quot;:[],&quot;background_background&quot;:&quot;classic&quot;}\">\n\t\t<div class=\"elementor-element elementor-element-590c462 e-con-full e-flex e-con e-child\" data-id=\"590c462\" data-element_type=\"container\" data-settings=\"{&quot;jet_parallax_layout_list&quot;:[]}\">\n\t\t\t\t<div class=\"elementor-element elementor-element-428e6ef elementor-widget elementor-widget-heading\" data-id=\"428e6ef\" data-element_type=\"widget\" data-widget_type=\"heading.default\">\n\t\t\t\t<div class=\"elementor-widget-container\">\n\t\t\t\t\t<h3 class=\"elementor-heading-title elementor-size-default\">Toujours \u00e0 vos c\u00f4t\u00e9s<\/h3>\t\t\t\t<\/div>\n\t\t\t\t<\/div>\n\t\t\t\t<div class=\"elementor-element elementor-element-ca4f5da elementor-icon-list--layout-traditional elementor-list-item-link-full_width elementor-widget elementor-widget-icon-list\" data-id=\"ca4f5da\" data-element_type=\"widget\" data-widget_type=\"icon-list.default\">\n\t\t\t\t<div class=\"elementor-widget-container\">\n\t\t\t\t\t\t\t<ul class=\"elementor-icon-list-items\">\n\t\t\t\t\t\t\t<li class=\"elementor-icon-list-item\">\n\t\t\t\t\t\t\t\t\t\t\t<span class=\"elementor-icon-list-icon\">\n\t\t\t\t\t\t\t<svg xmlns=\"http:\/\/www.w3.org\/2000\/svg\" width=\"23\" height=\"23\" viewBox=\"0 0 23 23\" fill=\"none\"><path id=\"Vector\" d=\"M0.365511 17.8052C0.608445 19.9023 2.26546 21.5561 4.36659 21.7986C6.05114 21.9932 8.32104 22.1634 11.103 22.1634C13.885 22.1634 16.1549 21.9932 17.8394 21.7986C19.9406 21.5561 21.5976 19.9023 21.8405 17.8052C22.0355 16.1239 22.206 13.8583 22.206 11.0817C22.206 8.30507 22.0355 6.03953 21.8405 4.35821C21.5976 2.26111 19.9406 0.607277 17.8394 0.36481C16.1549 0.170215 13.885 0 11.103 0C8.32104 0 6.05114 0.170215 4.36659 0.36481C2.26546 0.607277 0.608445 2.26111 0.365511 4.35821C0.170542 6.03953 0 8.30507 0 11.0817C0 13.8583 0.170542 16.1239 0.365511 17.8052ZM15.8866 11.0817L14.974 11.978L9.09425 17.752L7.78188 16.5569L12.2706 11.0817L7.78232 5.60645L9.0947 4.4114L14.9744 10.1854L15.8866 11.0817Z\" fill=\"url(#paint0_linear_1088_2892)\"><\/path><defs><linearGradient id=\"paint0_linear_1088_2892\" x1=\"0\" y1=\"11.0817\" x2=\"22.206\" y2=\"11.0817\" gradientUnits=\"userSpaceOnUse\"><stop stop-color=\"#2E348D\"><\/stop><stop offset=\"0.345\" stop-color=\"#2484C0\"><\/stop><stop offset=\"0.675\" stop-color=\"#4ABED3\"><\/stop><stop offset=\"1\" stop-color=\"#C1DEBA\"><\/stop><\/linearGradient><\/defs><\/svg>\t\t\t\t\t\t<\/span>\n\t\t\t\t\t\t\t\t\t\t<span class=\"elementor-icon-list-text\">Notre \u00e9quipe offre des services complets de conseil et d\u2019assistance pour vous aider depuis la phase de conception initiale jusqu\u2019\u00e0 l\u2019int\u00e9gration compl\u00e8te.<\/span>\n\t\t\t\t\t\t\t\t\t<\/li>\n\t\t\t\t\t\t\t\t<li class=\"elementor-icon-list-item\">\n\t\t\t\t\t\t\t\t\t\t\t<span class=\"elementor-icon-list-icon\">\n\t\t\t\t\t\t\t<svg xmlns=\"http:\/\/www.w3.org\/2000\/svg\" width=\"23\" height=\"23\" viewBox=\"0 0 23 23\" fill=\"none\"><path id=\"Vector\" d=\"M0.365511 17.8052C0.608445 19.9023 2.26546 21.5561 4.36659 21.7986C6.05114 21.9932 8.32104 22.1634 11.103 22.1634C13.885 22.1634 16.1549 21.9932 17.8394 21.7986C19.9406 21.5561 21.5976 19.9023 21.8405 17.8052C22.0355 16.1239 22.206 13.8583 22.206 11.0817C22.206 8.30507 22.0355 6.03953 21.8405 4.35821C21.5976 2.26111 19.9406 0.607277 17.8394 0.36481C16.1549 0.170215 13.885 0 11.103 0C8.32104 0 6.05114 0.170215 4.36659 0.36481C2.26546 0.607277 0.608445 2.26111 0.365511 4.35821C0.170542 6.03953 0 8.30507 0 11.0817C0 13.8583 0.170542 16.1239 0.365511 17.8052ZM15.8866 11.0817L14.974 11.978L9.09425 17.752L7.78188 16.5569L12.2706 11.0817L7.78232 5.60645L9.0947 4.4114L14.9744 10.1854L15.8866 11.0817Z\" fill=\"url(#paint0_linear_1088_2892)\"><\/path><defs><linearGradient id=\"paint0_linear_1088_2892\" x1=\"0\" y1=\"11.0817\" x2=\"22.206\" y2=\"11.0817\" gradientUnits=\"userSpaceOnUse\"><stop stop-color=\"#2E348D\"><\/stop><stop offset=\"0.345\" stop-color=\"#2484C0\"><\/stop><stop offset=\"0.675\" stop-color=\"#4ABED3\"><\/stop><stop offset=\"1\" stop-color=\"#C1DEBA\"><\/stop><\/linearGradient><\/defs><\/svg>\t\t\t\t\t\t<\/span>\n\t\t\t\t\t\t\t\t\t\t<span class=\"elementor-icon-list-text\">Nous installerons et calibrerons SCANeR directement sur votre site, maximisant ainsi l'efficacit\u00e9 de votre simulation dans votre environnement.<\/span>\n\t\t\t\t\t\t\t\t\t<\/li>\n\t\t\t\t\t\t<\/ul>\n\t\t\t\t\t\t<\/div>\n\t\t\t\t<\/div>\n\t\t\t\t<\/div>\n\t\t<div class=\"elementor-element elementor-element-18df692 e-con-full e-flex e-con e-child\" data-id=\"18df692\" data-element_type=\"container\" data-settings=\"{&quot;jet_parallax_layout_list&quot;:[]}\">\n\t\t\t\t<div class=\"elementor-element elementor-element-5072e50 elementor-widget elementor-widget-heading\" data-id=\"5072e50\" data-element_type=\"widget\" data-widget_type=\"heading.default\">\n\t\t\t\t<div class=\"elementor-widget-container\">\n\t\t\t\t\t<h3 class=\"elementor-heading-title elementor-size-default\">Am\u00e9liorez votre efficacit\u00e9<\/h3>\t\t\t\t<\/div>\n\t\t\t\t<\/div>\n\t\t\t\t<div class=\"elementor-element elementor-element-bb3c8be elementor-icon-list--layout-traditional elementor-list-item-link-full_width elementor-widget elementor-widget-icon-list\" data-id=\"bb3c8be\" data-element_type=\"widget\" data-widget_type=\"icon-list.default\">\n\t\t\t\t<div class=\"elementor-widget-container\">\n\t\t\t\t\t\t\t<ul class=\"elementor-icon-list-items\">\n\t\t\t\t\t\t\t<li class=\"elementor-icon-list-item\">\n\t\t\t\t\t\t\t\t\t\t\t<span class=\"elementor-icon-list-icon\">\n\t\t\t\t\t\t\t<svg xmlns=\"http:\/\/www.w3.org\/2000\/svg\" width=\"23\" height=\"23\" viewBox=\"0 0 23 23\" fill=\"none\"><path id=\"Vector\" d=\"M0.365511 17.8052C0.608445 19.9023 2.26546 21.5561 4.36659 21.7986C6.05114 21.9932 8.32104 22.1634 11.103 22.1634C13.885 22.1634 16.1549 21.9932 17.8394 21.7986C19.9406 21.5561 21.5976 19.9023 21.8405 17.8052C22.0355 16.1239 22.206 13.8583 22.206 11.0817C22.206 8.30507 22.0355 6.03953 21.8405 4.35821C21.5976 2.26111 19.9406 0.607277 17.8394 0.36481C16.1549 0.170215 13.885 0 11.103 0C8.32104 0 6.05114 0.170215 4.36659 0.36481C2.26546 0.607277 0.608445 2.26111 0.365511 4.35821C0.170542 6.03953 0 8.30507 0 11.0817C0 13.8583 0.170542 16.1239 0.365511 17.8052ZM15.8866 11.0817L14.974 11.978L9.09425 17.752L7.78188 16.5569L12.2706 11.0817L7.78232 5.60645L9.0947 4.4114L14.9744 10.1854L15.8866 11.0817Z\" fill=\"url(#paint0_linear_1088_2892)\"><\/path><defs><linearGradient id=\"paint0_linear_1088_2892\" x1=\"0\" y1=\"11.0817\" x2=\"22.206\" y2=\"11.0817\" gradientUnits=\"userSpaceOnUse\"><stop stop-color=\"#2E348D\"><\/stop><stop offset=\"0.345\" stop-color=\"#2484C0\"><\/stop><stop offset=\"0.675\" stop-color=\"#4ABED3\"><\/stop><stop offset=\"1\" stop-color=\"#C1DEBA\"><\/stop><\/linearGradient><\/defs><\/svg>\t\t\t\t\t\t<\/span>\n\t\t\t\t\t\t\t\t\t\t<span class=\"elementor-icon-list-text\">B\u00e9n\u00e9ficiez de conseils d'experts sur la mise en place de d\u00e9partements de simulation, l'optimisation des processus internes et la conception d'outils personnalis\u00e9s align\u00e9s sur vos objectifs strat\u00e9giques.<\/span>\n\t\t\t\t\t\t\t\t\t<\/li>\n\t\t\t\t\t\t\t\t<li class=\"elementor-icon-list-item\">\n\t\t\t\t\t\t\t\t\t\t\t<span class=\"elementor-icon-list-icon\">\n\t\t\t\t\t\t\t<svg xmlns=\"http:\/\/www.w3.org\/2000\/svg\" width=\"23\" height=\"23\" viewBox=\"0 0 23 23\" fill=\"none\"><path id=\"Vector\" d=\"M0.365511 17.8052C0.608445 19.9023 2.26546 21.5561 4.36659 21.7986C6.05114 21.9932 8.32104 22.1634 11.103 22.1634C13.885 22.1634 16.1549 21.9932 17.8394 21.7986C19.9406 21.5561 21.5976 19.9023 21.8405 17.8052C22.0355 16.1239 22.206 13.8583 22.206 11.0817C22.206 8.30507 22.0355 6.03953 21.8405 4.35821C21.5976 2.26111 19.9406 0.607277 17.8394 0.36481C16.1549 0.170215 13.885 0 11.103 0C8.32104 0 6.05114 0.170215 4.36659 0.36481C2.26546 0.607277 0.608445 2.26111 0.365511 4.35821C0.170542 6.03953 0 8.30507 0 11.0817C0 13.8583 0.170542 16.1239 0.365511 17.8052ZM15.8866 11.0817L14.974 11.978L9.09425 17.752L7.78188 16.5569L12.2706 11.0817L7.78232 5.60645L9.0947 4.4114L14.9744 10.1854L15.8866 11.0817Z\" fill=\"url(#paint0_linear_1088_2892)\"><\/path><defs><linearGradient id=\"paint0_linear_1088_2892\" x1=\"0\" y1=\"11.0817\" x2=\"22.206\" y2=\"11.0817\" gradientUnits=\"userSpaceOnUse\"><stop stop-color=\"#2E348D\"><\/stop><stop offset=\"0.345\" stop-color=\"#2484C0\"><\/stop><stop offset=\"0.675\" stop-color=\"#4ABED3\"><\/stop><stop offset=\"1\" stop-color=\"#C1DEBA\"><\/stop><\/linearGradient><\/defs><\/svg>\t\t\t\t\t\t<\/span>\n\t\t\t\t\t\t\t\t\t\t<span class=\"elementor-icon-list-text\">Une int\u00e9gration transparente de votre simulateur avec nos services d'assistance sur site<\/span>\n\t\t\t\t\t\t\t\t\t<\/li>\n\t\t\t\t\t\t\t\t<li class=\"elementor-icon-list-item\">\n\t\t\t\t\t\t\t\t\t\t\t<span class=\"elementor-icon-list-icon\">\n\t\t\t\t\t\t\t<svg xmlns=\"http:\/\/www.w3.org\/2000\/svg\" width=\"23\" height=\"23\" viewBox=\"0 0 23 23\" fill=\"none\"><path id=\"Vector\" d=\"M0.365511 17.8052C0.608445 19.9023 2.26546 21.5561 4.36659 21.7986C6.05114 21.9932 8.32104 22.1634 11.103 22.1634C13.885 22.1634 16.1549 21.9932 17.8394 21.7986C19.9406 21.5561 21.5976 19.9023 21.8405 17.8052C22.0355 16.1239 22.206 13.8583 22.206 11.0817C22.206 8.30507 22.0355 6.03953 21.8405 4.35821C21.5976 2.26111 19.9406 0.607277 17.8394 0.36481C16.1549 0.170215 13.885 0 11.103 0C8.32104 0 6.05114 0.170215 4.36659 0.36481C2.26546 0.607277 0.608445 2.26111 0.365511 4.35821C0.170542 6.03953 0 8.30507 0 11.0817C0 13.8583 0.170542 16.1239 0.365511 17.8052ZM15.8866 11.0817L14.974 11.978L9.09425 17.752L7.78188 16.5569L12.2706 11.0817L7.78232 5.60645L9.0947 4.4114L14.9744 10.1854L15.8866 11.0817Z\" fill=\"url(#paint0_linear_1088_2892)\"><\/path><defs><linearGradient id=\"paint0_linear_1088_2892\" x1=\"0\" y1=\"11.0817\" x2=\"22.206\" y2=\"11.0817\" gradientUnits=\"userSpaceOnUse\"><stop stop-color=\"#2E348D\"><\/stop><stop offset=\"0.345\" stop-color=\"#2484C0\"><\/stop><stop offset=\"0.675\" stop-color=\"#4ABED3\"><\/stop><stop offset=\"1\" stop-color=\"#C1DEBA\"><\/stop><\/linearGradient><\/defs><\/svg>\t\t\t\t\t\t<\/span>\n\t\t\t\t\t\t\t\t\t\t<span class=\"elementor-icon-list-text\">Pour une installation personnalis\u00e9e qui r\u00e9ponde aux exigences uniques de votre projet, contactez notre \u00e9quipe d'experts pour donner vie \u00e0 votre exp\u00e9rience de simulation !<\/span>\n\t\t\t\t\t\t\t\t\t<\/li>\n\t\t\t\t\t\t<\/ul>\n\t\t\t\t\t\t<\/div>\n\t\t\t\t<\/div>\n\t\t\t\t<\/div>\n\t\t\t\t<\/div>\n\t\t\t\t<\/div>\n\t\t\t\t\t<\/div>\n\t\t\t\t<\/div>\n\t\t<div class=\"elementor-element elementor-element-a9b9462 e-flex e-con-boxed e-con e-child\" data-id=\"a9b9462\" data-element_type=\"container\" data-settings=\"{&quot;jet_parallax_layout_list&quot;:[]}\">\n\t\t\t\t\t<div class=\"e-con-inner\">\n\t\t<div class=\"elementor-element elementor-element-21509f5 e-con-full e-flex e-con e-child\" data-id=\"21509f5\" data-element_type=\"container\" data-settings=\"{&quot;jet_parallax_layout_list&quot;:[],&quot;background_background&quot;:&quot;classic&quot;}\">\n\t\t\t\t<div class=\"elementor-element elementor-element-e14bdcd elementor-widget__width-initial elementor-widget elementor-widget-heading\" data-id=\"e14bdcd\" data-element_type=\"widget\" data-widget_type=\"heading.default\">\n\t\t\t\t<div class=\"elementor-widget-container\">\n\t\t\t\t\t<h2 class=\"elementor-heading-title elementor-size-default\">Vous voulez en savoir plus sur les simulateurs de conduite personnalis\u00e9s ?<\/h2>\t\t\t\t<\/div>\n\t\t\t\t<\/div>\n\t\t\t\t<div class=\"elementor-element elementor-element-2f7390a elementor-widget elementor-widget-jet-button\" data-id=\"2f7390a\" data-element_type=\"widget\" data-widget_type=\"jet-button.default\">\n\t\t\t\t<div class=\"elementor-widget-container\">\n\t\t\t\t\t<div class=\"elementor-jet-button jet-elements\"><div class=\"jet-button__container\">\n\t<a class=\"jet-button__instance jet-button__instance--icon-right hover-effect-0\" href=\"https:\/\/www.avsimulation.com\/en\/contact-us\/\">\n\t\t<div class=\"jet-button__plane jet-button__plane-normal\"><\/div>\n\t\t<div class=\"jet-button__plane jet-button__plane-hover\"><\/div>\n\t\t<div class=\"jet-button__state jet-button__state-normal\">\n\t\t\t<span class=\"jet-button__icon jet-elements-icon\"><svg xmlns=\"http:\/\/www.w3.org\/2000\/svg\" width=\"28\" height=\"28\" viewBox=\"0 0 28 28\" fill=\"none\"><circle cx=\"14\" cy=\"14.036\" r=\"13.5\" fill=\"white\" fill-opacity=\"0.21\"><\/circle><path d=\"M17 14.036C17 13.803 16.928 13.57 16.7842 13.3924L12.2583 7.80266C11.9704 7.44709 11.5036 7.44709 11.2158 7.80266C10.9281 8.1581 10.9281 8.7345 11.2158 9.0901L15.2206 14.036L11.216 18.9818C10.9282 19.3374 10.9282 19.9138 11.216 20.2692C11.5038 20.6249 11.9706 20.6249 12.2585 20.2692L16.7844 14.6795C16.9281 14.5018 17 14.2689 17 14.036Z\" fill=\"white\"><\/path><\/svg><\/span><span class=\"jet-button__label\">Contactez nous<\/span>\t\t<\/div>\n\t\t<div class=\"jet-button__state jet-button__state-hover\">\n\t\t\t<span class=\"jet-button__label\">Allez<\/span>\t\t<\/div>\n\t<\/a>\n<\/div>\n<\/div>\t\t\t\t<\/div>\n\t\t\t\t<\/div>\n\t\t\t\t<\/div>\n\t\t\t\t\t<\/div>\n\t\t\t\t<\/div>\n\t\t\t\t<\/div>\n\t\t","protected":false},"excerpt":{"rendered":"<p>D\u00e9velopper le potentiel des simulateurs de conduite Vous vous lancez dans un projet de simulation de conduite et vous recherchez la solution de simulateur id\u00e9ale ? Ne cherchez pas plus loin ! Chez AVSimulation, nous sommes sp\u00e9cialis\u00e9s dans la fourniture de simulateurs de conduite personnalis\u00e9s, adapt\u00e9s \u00e0 vos besoins sp\u00e9cifiques. Toujours \u00e0 vos c\u00f4t\u00e9s Notre [&hellip;]<\/p>\n","protected":false},"author":1,"featured_media":3684,"parent":40744,"menu_order":0,"comment_status":"closed","ping_status":"closed","template":"","meta":{"footnotes":""},"tags-app":[],"class_list":["post-3622","page","type-page","status-publish","has-post-thumbnail","hentry"],"_links":{"self":[{"href":"https:\/\/www.avsimulation.com\/fr\/wp-json\/wp\/v2\/pages\/3622","targetHints":{"allow":["GET"]}}],"collection":[{"href":"https:\/\/www.avsimulation.com\/fr\/wp-json\/wp\/v2\/pages"}],"about":[{"href":"https:\/\/www.avsimulation.com\/fr\/wp-json\/wp\/v2\/types\/page"}],"author":[{"embeddable":true,"href":"https:\/\/www.avsimulation.com\/fr\/wp-json\/wp\/v2\/users\/1"}],"replies":[{"embeddable":true,"href":"https:\/\/www.avsimulation.com\/fr\/wp-json\/wp\/v2\/comments?post=3622"}],"version-history":[{"count":4,"href":"https:\/\/www.avsimulation.com\/fr\/wp-json\/wp\/v2\/pages\/3622\/revisions"}],"predecessor-version":[{"id":46459,"href":"https:\/\/www.avsimulation.com\/fr\/wp-json\/wp\/v2\/pages\/3622\/revisions\/46459"}],"up":[{"embeddable":true,"href":"https:\/\/www.avsimulation.com\/fr\/wp-json\/wp\/v2\/pages\/40744"}],"wp:featuredmedia":[{"embeddable":true,"href":"https:\/\/www.avsimulation.com\/fr\/wp-json\/wp\/v2\/media\/3684"}],"wp:attachment":[{"href":"https:\/\/www.avsimulation.com\/fr\/wp-json\/wp\/v2\/media?parent=3622"}],"wp:term":[{"taxonomy":"tags-app","embeddable":true,"href":"https:\/\/www.avsimulation.com\/fr\/wp-json\/wp\/v2\/tags-app?post=3622"}],"curies":[{"name":"wp","href":"https:\/\/api.w.org\/{rel}","templated":true}]}}