{"id":3615,"date":"2024-07-15T23:34:56","date_gmt":"2024-07-15T21:34:56","guid":{"rendered":"https:\/\/www.avsimulation.com\/support-maintenance\/"},"modified":"2025-04-28T16:56:39","modified_gmt":"2025-04-28T14:56:39","slug":"support-maintenance","status":"publish","type":"page","link":"https:\/\/www.avsimulation.com\/fr\/services\/simulateurs\/support-maintenance\/","title":{"rendered":"Assistance et maintenance"},"content":{"rendered":"\t\t<div data-elementor-type=\"wp-page\" data-elementor-id=\"3615\" class=\"elementor elementor-3615 elementor-3341\" data-elementor-post-type=\"page\">\n\t\t\t\t<div class=\"elementor-element elementor-element-13284fd e-flex e-con-boxed elementor-invisible e-con e-parent\" data-id=\"13284fd\" data-element_type=\"container\" data-settings=\"{&quot;jet_parallax_layout_list&quot;:[],&quot;animation&quot;:&quot;fadeIn&quot;}\">\n\t\t\t\t\t<div class=\"e-con-inner\">\n\t\t\t\t<div class=\"elementor-element elementor-element-cd00725 elementor-widget elementor-widget-spacer\" data-id=\"cd00725\" data-element_type=\"widget\" data-widget_type=\"spacer.default\">\n\t\t\t\t<div class=\"elementor-widget-container\">\n\t\t\t\t\t\t\t<div class=\"elementor-spacer\">\n\t\t\t<div class=\"elementor-spacer-inner\"><\/div>\n\t\t<\/div>\n\t\t\t\t\t\t<\/div>\n\t\t\t\t<\/div>\n\t\t<div class=\"elementor-element elementor-element-096005a e-con-full e-flex e-con e-child\" data-id=\"096005a\" data-element_type=\"container\" data-settings=\"{&quot;jet_parallax_layout_list&quot;:[]}\">\n\t\t<div class=\"elementor-element elementor-element-c0a9040 e-con-full e-flex e-con e-child\" data-id=\"c0a9040\" data-element_type=\"container\" data-settings=\"{&quot;jet_parallax_layout_list&quot;:[]}\">\n\t\t\t\t<div class=\"elementor-element elementor-element-24d2dfd elementor-widget elementor-widget-image\" data-id=\"24d2dfd\" data-element_type=\"widget\" data-widget_type=\"image.default\">\n\t\t\t\t<div class=\"elementor-widget-container\">\n\t\t\t\t\t\t\t\t\t\t\t\t\t\t\t<img fetchpriority=\"high\" decoding=\"async\" width=\"520\" height=\"350\" src=\"https:\/\/www.avsimulation.com\/wp-content\/uploads\/2025\/02\/Capture-decran-2025-02-10-115133.png\" class=\"attachment-large size-large wp-image-45414\" alt=\"\" srcset=\"https:\/\/www.avsimulation.com\/wp-content\/uploads\/2025\/02\/Capture-decran-2025-02-10-115133.png 520w, https:\/\/www.avsimulation.com\/wp-content\/uploads\/2025\/02\/Capture-decran-2025-02-10-115133-300x202.png 300w\" sizes=\"(max-width: 520px) 100vw, 520px\" \/>\t\t\t\t\t\t\t\t\t\t\t\t\t\t\t<\/div>\n\t\t\t\t<\/div>\n\t\t\t\t<\/div>\n\t\t<div class=\"elementor-element elementor-element-b11520a e-con-full e-flex e-con e-child\" data-id=\"b11520a\" data-element_type=\"container\" data-settings=\"{&quot;jet_parallax_layout_list&quot;:[]}\">\n\t\t\t\t<div class=\"elementor-element elementor-element-5c740d9 elementor-widget elementor-widget-heading\" data-id=\"5c740d9\" data-element_type=\"widget\" data-widget_type=\"heading.default\">\n\t\t\t\t<div class=\"elementor-widget-container\">\n\t\t\t\t\t<h1 class=\"elementor-heading-title elementor-size-default\">D\u00c9COUVREZ Assistance et maintenance<\/h1>\t\t\t\t<\/div>\n\t\t\t\t<\/div>\n\t\t\t\t<div class=\"elementor-element elementor-element-8ac2ccc elementor-widget elementor-widget-heading\" data-id=\"8ac2ccc\" data-element_type=\"widget\" data-widget_type=\"heading.default\">\n\t\t\t\t<div class=\"elementor-widget-container\">\n\t\t\t\t\t<h3 class=\"elementor-heading-title elementor-size-default\">R\u00e9pondre \u00e0 toutes vos questions<\/h3>\t\t\t\t<\/div>\n\t\t\t\t<\/div>\n\t\t\t\t<div class=\"elementor-element elementor-element-0eb055b elementor-widget elementor-widget-text-editor\" data-id=\"0eb055b\" data-element_type=\"widget\" data-widget_type=\"text-editor.default\">\n\t\t\t\t<div class=\"elementor-widget-container\">\n\t\t\t\t\t\t\t\t\t<p>Vous poss\u00e9dez d\u00e9j\u00e0 un simulateur mais vous \u00eates pr\u00e9occup\u00e9 par la garantie, la maintenance et le support continu ? AVSimulation vous couvre gr\u00e2ce \u00e0 ses services complets d&rsquo;assistance et de maintenance.<\/p>\t\t\t\t\t\t\t\t<\/div>\n\t\t\t\t<\/div>\n\t\t\t\t<\/div>\n\t\t\t\t<\/div>\n\t\t\t\t\t<\/div>\n\t\t\t\t<\/div>\n\t\t<div class=\"elementor-element elementor-element-f0f7c90 e-flex e-con-boxed e-con e-parent\" data-id=\"f0f7c90\" data-element_type=\"container\" data-settings=\"{&quot;jet_parallax_layout_list&quot;:[]}\">\n\t\t\t\t\t<div class=\"e-con-inner\">\n\t\t<div class=\"elementor-element elementor-element-d98db0a e-con-full e-flex e-con e-child\" data-id=\"d98db0a\" data-element_type=\"container\" data-settings=\"{&quot;jet_parallax_layout_list&quot;:[]}\">\n\t\t<div class=\"elementor-element elementor-element-c013e1d e-con-full e-flex e-con e-child\" data-id=\"c013e1d\" data-element_type=\"container\" data-settings=\"{&quot;jet_parallax_layout_list&quot;:[],&quot;background_background&quot;:&quot;classic&quot;}\">\n\t\t<div class=\"elementor-element elementor-element-c38245b e-con-full e-flex e-con e-child\" data-id=\"c38245b\" data-element_type=\"container\" data-settings=\"{&quot;jet_parallax_layout_list&quot;:[]}\">\n\t\t\t\t<div class=\"elementor-element elementor-element-28595e5 elementor-widget elementor-widget-heading\" data-id=\"28595e5\" data-element_type=\"widget\" data-widget_type=\"heading.default\">\n\t\t\t\t<div class=\"elementor-widget-container\">\n\t\t\t\t\t<h3 class=\"elementor-heading-title elementor-size-default\">Support professionnel<\/h3>\t\t\t\t<\/div>\n\t\t\t\t<\/div>\n\t\t\t\t<div class=\"elementor-element elementor-element-dfd15a5 elementor-icon-list--layout-traditional elementor-list-item-link-full_width elementor-widget elementor-widget-icon-list\" data-id=\"dfd15a5\" data-element_type=\"widget\" data-widget_type=\"icon-list.default\">\n\t\t\t\t<div class=\"elementor-widget-container\">\n\t\t\t\t\t\t\t<ul class=\"elementor-icon-list-items\">\n\t\t\t\t\t\t\t<li class=\"elementor-icon-list-item\">\n\t\t\t\t\t\t\t\t\t\t\t<span class=\"elementor-icon-list-icon\">\n\t\t\t\t\t\t\t<svg xmlns=\"http:\/\/www.w3.org\/2000\/svg\" width=\"23\" height=\"23\" viewBox=\"0 0 23 23\" fill=\"none\"><path id=\"Vector\" d=\"M0.365511 17.8052C0.608445 19.9023 2.26546 21.5561 4.36659 21.7986C6.05114 21.9932 8.32104 22.1634 11.103 22.1634C13.885 22.1634 16.1549 21.9932 17.8394 21.7986C19.9406 21.5561 21.5976 19.9023 21.8405 17.8052C22.0355 16.1239 22.206 13.8583 22.206 11.0817C22.206 8.30507 22.0355 6.03953 21.8405 4.35821C21.5976 2.26111 19.9406 0.607277 17.8394 0.36481C16.1549 0.170215 13.885 0 11.103 0C8.32104 0 6.05114 0.170215 4.36659 0.36481C2.26546 0.607277 0.608445 2.26111 0.365511 4.35821C0.170542 6.03953 0 8.30507 0 11.0817C0 13.8583 0.170542 16.1239 0.365511 17.8052ZM15.8866 11.0817L14.974 11.978L9.09425 17.752L7.78188 16.5569L12.2706 11.0817L7.78232 5.60645L9.0947 4.4114L14.9744 10.1854L15.8866 11.0817Z\" fill=\"url(#paint0_linear_1088_2892)\"><\/path><defs><linearGradient id=\"paint0_linear_1088_2892\" x1=\"0\" y1=\"11.0817\" x2=\"22.206\" y2=\"11.0817\" gradientUnits=\"userSpaceOnUse\"><stop stop-color=\"#2E348D\"><\/stop><stop offset=\"0.345\" stop-color=\"#2484C0\"><\/stop><stop offset=\"0.675\" stop-color=\"#4ABED3\"><\/stop><stop offset=\"1\" stop-color=\"#C1DEBA\"><\/stop><\/linearGradient><\/defs><\/svg>\t\t\t\t\t\t<\/span>\n\t\t\t\t\t\t\t\t\t\t<span class=\"elementor-icon-list-text\">Assurer la durabilit\u00e9 et la fiabilit\u00e9 de votre investissement dans les simulateurs.<\/span>\n\t\t\t\t\t\t\t\t\t<\/li>\n\t\t\t\t\t\t\t\t<li class=\"elementor-icon-list-item\">\n\t\t\t\t\t\t\t\t\t\t\t<span class=\"elementor-icon-list-icon\">\n\t\t\t\t\t\t\t<svg xmlns=\"http:\/\/www.w3.org\/2000\/svg\" width=\"23\" height=\"23\" viewBox=\"0 0 23 23\" fill=\"none\"><path id=\"Vector\" d=\"M0.365511 17.8052C0.608445 19.9023 2.26546 21.5561 4.36659 21.7986C6.05114 21.9932 8.32104 22.1634 11.103 22.1634C13.885 22.1634 16.1549 21.9932 17.8394 21.7986C19.9406 21.5561 21.5976 19.9023 21.8405 17.8052C22.0355 16.1239 22.206 13.8583 22.206 11.0817C22.206 8.30507 22.0355 6.03953 21.8405 4.35821C21.5976 2.26111 19.9406 0.607277 17.8394 0.36481C16.1549 0.170215 13.885 0 11.103 0C8.32104 0 6.05114 0.170215 4.36659 0.36481C2.26546 0.607277 0.608445 2.26111 0.365511 4.35821C0.170542 6.03953 0 8.30507 0 11.0817C0 13.8583 0.170542 16.1239 0.365511 17.8052ZM15.8866 11.0817L14.974 11.978L9.09425 17.752L7.78188 16.5569L12.2706 11.0817L7.78232 5.60645L9.0947 4.4114L14.9744 10.1854L15.8866 11.0817Z\" fill=\"url(#paint0_linear_1088_2892)\"><\/path><defs><linearGradient id=\"paint0_linear_1088_2892\" x1=\"0\" y1=\"11.0817\" x2=\"22.206\" y2=\"11.0817\" gradientUnits=\"userSpaceOnUse\"><stop stop-color=\"#2E348D\"><\/stop><stop offset=\"0.345\" stop-color=\"#2484C0\"><\/stop><stop offset=\"0.675\" stop-color=\"#4ABED3\"><\/stop><stop offset=\"1\" stop-color=\"#C1DEBA\"><\/stop><\/linearGradient><\/defs><\/svg>\t\t\t\t\t\t<\/span>\n\t\t\t\t\t\t\t\t\t\t<span class=\"elementor-icon-list-text\">Trois niveaux de services de maintenance adapt\u00e9s \u00e0 vos besoins : Standard, Premium et Enterprise.<\/span>\n\t\t\t\t\t\t\t\t\t<\/li>\n\t\t\t\t\t\t<\/ul>\n\t\t\t\t\t\t<\/div>\n\t\t\t\t<\/div>\n\t\t\t\t<div class=\"elementor-element elementor-element-bebdae9 elementor-widget elementor-widget-heading\" data-id=\"bebdae9\" data-element_type=\"widget\" data-widget_type=\"heading.default\">\n\t\t\t\t<div class=\"elementor-widget-container\">\n\t\t\t\t\t<h3 class=\"elementor-heading-title elementor-size-default\">Service de r\u00e9vision <\/h3>\t\t\t\t<\/div>\n\t\t\t\t<\/div>\n\t\t\t\t<div class=\"elementor-element elementor-element-7239673 elementor-widget-laptop__width-initial elementor-icon-list--layout-traditional elementor-list-item-link-full_width elementor-widget elementor-widget-icon-list\" data-id=\"7239673\" data-element_type=\"widget\" data-widget_type=\"icon-list.default\">\n\t\t\t\t<div class=\"elementor-widget-container\">\n\t\t\t\t\t\t\t<ul class=\"elementor-icon-list-items\">\n\t\t\t\t\t\t\t<li class=\"elementor-icon-list-item\">\n\t\t\t\t\t\t\t\t\t\t\t<span class=\"elementor-icon-list-icon\">\n\t\t\t\t\t\t\t<svg xmlns=\"http:\/\/www.w3.org\/2000\/svg\" width=\"23\" height=\"23\" viewBox=\"0 0 23 23\" fill=\"none\"><path id=\"Vector\" d=\"M0.365511 17.8052C0.608445 19.9023 2.26546 21.5561 4.36659 21.7986C6.05114 21.9932 8.32104 22.1634 11.103 22.1634C13.885 22.1634 16.1549 21.9932 17.8394 21.7986C19.9406 21.5561 21.5976 19.9023 21.8405 17.8052C22.0355 16.1239 22.206 13.8583 22.206 11.0817C22.206 8.30507 22.0355 6.03953 21.8405 4.35821C21.5976 2.26111 19.9406 0.607277 17.8394 0.36481C16.1549 0.170215 13.885 0 11.103 0C8.32104 0 6.05114 0.170215 4.36659 0.36481C2.26546 0.607277 0.608445 2.26111 0.365511 4.35821C0.170542 6.03953 0 8.30507 0 11.0817C0 13.8583 0.170542 16.1239 0.365511 17.8052ZM15.8866 11.0817L14.974 11.978L9.09425 17.752L7.78188 16.5569L12.2706 11.0817L7.78232 5.60645L9.0947 4.4114L14.9744 10.1854L15.8866 11.0817Z\" fill=\"url(#paint0_linear_1088_2892)\"><\/path><defs><linearGradient id=\"paint0_linear_1088_2892\" x1=\"0\" y1=\"11.0817\" x2=\"22.206\" y2=\"11.0817\" gradientUnits=\"userSpaceOnUse\"><stop stop-color=\"#2E348D\"><\/stop><stop offset=\"0.345\" stop-color=\"#2484C0\"><\/stop><stop offset=\"0.675\" stop-color=\"#4ABED3\"><\/stop><stop offset=\"1\" stop-color=\"#C1DEBA\"><\/stop><\/linearGradient><\/defs><\/svg>\t\t\t\t\t\t<\/span>\n\t\t\t\t\t\t\t\t\t\t<span class=\"elementor-icon-list-text\">Une installation et une migration de simulateurs sans souci Nous nous occupons de tout, de la conversion et de la relocalisation \u00e0 la gestion s\u00e9curis\u00e9e de l'\u00e9quipement, assurant ainsi une transition en douceur pour votre projet.<\/span>\n\t\t\t\t\t\t\t\t\t<\/li>\n\t\t\t\t\t\t<\/ul>\n\t\t\t\t\t\t<\/div>\n\t\t\t\t<\/div>\n\t\t\t\t<\/div>\n\t\t<div class=\"elementor-element elementor-element-6845986 e-con-full e-flex e-con e-child\" data-id=\"6845986\" data-element_type=\"container\" data-settings=\"{&quot;jet_parallax_layout_list&quot;:[]}\">\n\t\t\t\t<div class=\"elementor-element elementor-element-548a589 elementor-widget elementor-widget-heading\" data-id=\"548a589\" data-element_type=\"widget\" data-widget_type=\"heading.default\">\n\t\t\t\t<div class=\"elementor-widget-container\">\n\t\t\t\t\t<h3 class=\"elementor-heading-title elementor-size-default\">Op\u00e9rations du simulateur <\/h3>\t\t\t\t<\/div>\n\t\t\t\t<\/div>\n\t\t\t\t<div class=\"elementor-element elementor-element-fc9f518 elementor-icon-list--layout-traditional elementor-list-item-link-full_width elementor-widget elementor-widget-icon-list\" data-id=\"fc9f518\" data-element_type=\"widget\" data-widget_type=\"icon-list.default\">\n\t\t\t\t<div class=\"elementor-widget-container\">\n\t\t\t\t\t\t\t<ul class=\"elementor-icon-list-items\">\n\t\t\t\t\t\t\t<li class=\"elementor-icon-list-item\">\n\t\t\t\t\t\t\t\t\t\t\t<span class=\"elementor-icon-list-icon\">\n\t\t\t\t\t\t\t<svg xmlns=\"http:\/\/www.w3.org\/2000\/svg\" width=\"23\" height=\"23\" viewBox=\"0 0 23 23\" fill=\"none\"><path id=\"Vector\" d=\"M0.365511 17.8052C0.608445 19.9023 2.26546 21.5561 4.36659 21.7986C6.05114 21.9932 8.32104 22.1634 11.103 22.1634C13.885 22.1634 16.1549 21.9932 17.8394 21.7986C19.9406 21.5561 21.5976 19.9023 21.8405 17.8052C22.0355 16.1239 22.206 13.8583 22.206 11.0817C22.206 8.30507 22.0355 6.03953 21.8405 4.35821C21.5976 2.26111 19.9406 0.607277 17.8394 0.36481C16.1549 0.170215 13.885 0 11.103 0C8.32104 0 6.05114 0.170215 4.36659 0.36481C2.26546 0.607277 0.608445 2.26111 0.365511 4.35821C0.170542 6.03953 0 8.30507 0 11.0817C0 13.8583 0.170542 16.1239 0.365511 17.8052ZM15.8866 11.0817L14.974 11.978L9.09425 17.752L7.78188 16.5569L12.2706 11.0817L7.78232 5.60645L9.0947 4.4114L14.9744 10.1854L15.8866 11.0817Z\" fill=\"url(#paint0_linear_1088_2892)\"><\/path><defs><linearGradient id=\"paint0_linear_1088_2892\" x1=\"0\" y1=\"11.0817\" x2=\"22.206\" y2=\"11.0817\" gradientUnits=\"userSpaceOnUse\"><stop stop-color=\"#2E348D\"><\/stop><stop offset=\"0.345\" stop-color=\"#2484C0\"><\/stop><stop offset=\"0.675\" stop-color=\"#4ABED3\"><\/stop><stop offset=\"1\" stop-color=\"#C1DEBA\"><\/stop><\/linearGradient><\/defs><\/svg>\t\t\t\t\t\t<\/span>\n\t\t\t\t\t\t\t\t\t\t<span class=\"elementor-icon-list-text\">Maximisez le potentiel de votre simulateur gr\u00e2ce \u00e0 notre \u00e9quipe op\u00e9rative form\u00e9 par des ing\u00e9nieurs experts de la simulation. Notre \u00e9quipe vous fournira des conseils et une assistance tout au long de la pr\u00e9paration et de l\u2019ex\u00e9cution de l\u2019exp\u00e9rience, vous permettant ainsi de rester \u00e0 la pointe de la technologie.<\/span>\n\t\t\t\t\t\t\t\t\t<\/li>\n\t\t\t\t\t\t<\/ul>\n\t\t\t\t\t\t<\/div>\n\t\t\t\t<\/div>\n\t\t\t\t<div class=\"elementor-element elementor-element-19c3d53 elementor-widget elementor-widget-image\" data-id=\"19c3d53\" data-element_type=\"widget\" data-widget_type=\"image.default\">\n\t\t\t\t<div class=\"elementor-widget-container\">\n\t\t\t\t\t\t\t\t\t\t\t\t\t\t\t<img decoding=\"async\" width=\"300\" height=\"177\" src=\"https:\/\/www.avsimulation.com\/wp-content\/uploads\/2025\/02\/Capture-decran-2025-02-18-105615-300x177.png\" class=\"attachment-medium size-medium wp-image-45560\" alt=\"\" srcset=\"https:\/\/www.avsimulation.com\/wp-content\/uploads\/2025\/02\/Capture-decran-2025-02-18-105615-300x177.png 300w, https:\/\/www.avsimulation.com\/wp-content\/uploads\/2025\/02\/Capture-decran-2025-02-18-105615.png 572w\" sizes=\"(max-width: 300px) 100vw, 300px\" \/>\t\t\t\t\t\t\t\t\t\t\t\t\t\t\t<\/div>\n\t\t\t\t<\/div>\n\t\t\t\t<\/div>\n\t\t\t\t<\/div>\n\t\t\t\t<\/div>\n\t\t\t\t\t<\/div>\n\t\t\t\t<\/div>\n\t\t<div class=\"elementor-element elementor-element-27ecb6a e-flex e-con-boxed e-con e-parent\" data-id=\"27ecb6a\" data-element_type=\"container\" data-settings=\"{&quot;jet_parallax_layout_list&quot;:[]}\">\n\t\t\t\t\t<div class=\"e-con-inner\">\n\t\t\t\t\t<\/div>\n\t\t\t\t<\/div>\n\t\t<div class=\"elementor-element elementor-element-ba6c1bb e-flex e-con-boxed e-con e-child\" data-id=\"ba6c1bb\" data-element_type=\"container\" data-settings=\"{&quot;jet_parallax_layout_list&quot;:[]}\">\n\t\t\t\t\t<div class=\"e-con-inner\">\n\t\t<div class=\"elementor-element elementor-element-15dd717 e-con-full e-flex e-con e-child\" data-id=\"15dd717\" data-element_type=\"container\" data-settings=\"{&quot;jet_parallax_layout_list&quot;:[],&quot;background_background&quot;:&quot;classic&quot;}\">\n\t\t\t\t<div class=\"elementor-element elementor-element-2ad0bf0 elementor-widget__width-initial elementor-widget elementor-widget-heading\" data-id=\"2ad0bf0\" data-element_type=\"widget\" data-widget_type=\"heading.default\">\n\t\t\t\t<div class=\"elementor-widget-container\">\n\t\t\t\t\t<h2 class=\"elementor-heading-title elementor-size-default\">Vous souhaitez en savoir plus sur l'assistance et la maintenance ?<\/h2>\t\t\t\t<\/div>\n\t\t\t\t<\/div>\n\t\t\t\t<div class=\"elementor-element elementor-element-e3e8a43 elementor-widget elementor-widget-jet-button\" data-id=\"e3e8a43\" data-element_type=\"widget\" data-widget_type=\"jet-button.default\">\n\t\t\t\t<div class=\"elementor-widget-container\">\n\t\t\t\t\t<div class=\"elementor-jet-button jet-elements\"><div class=\"jet-button__container\">\n\t<a class=\"jet-button__instance jet-button__instance--icon-right hover-effect-0\" href=\"https:\/\/www.avsimulation.com\/en\/contact-us\/\">\n\t\t<div class=\"jet-button__plane jet-button__plane-normal\"><\/div>\n\t\t<div class=\"jet-button__plane jet-button__plane-hover\"><\/div>\n\t\t<div class=\"jet-button__state jet-button__state-normal\">\n\t\t\t<span class=\"jet-button__icon jet-elements-icon\"><svg xmlns=\"http:\/\/www.w3.org\/2000\/svg\" width=\"28\" height=\"28\" viewBox=\"0 0 28 28\" fill=\"none\"><circle cx=\"14\" cy=\"14.036\" r=\"13.5\" fill=\"white\" fill-opacity=\"0.21\"><\/circle><path d=\"M17 14.036C17 13.803 16.928 13.57 16.7842 13.3924L12.2583 7.80266C11.9704 7.44709 11.5036 7.44709 11.2158 7.80266C10.9281 8.1581 10.9281 8.7345 11.2158 9.0901L15.2206 14.036L11.216 18.9818C10.9282 19.3374 10.9282 19.9138 11.216 20.2692C11.5038 20.6249 11.9706 20.6249 12.2585 20.2692L16.7844 14.6795C16.9281 14.5018 17 14.2689 17 14.036Z\" fill=\"white\"><\/path><\/svg><\/span><span class=\"jet-button__label\">Contactez nous<\/span>\t\t<\/div>\n\t\t<div class=\"jet-button__state jet-button__state-hover\">\n\t\t\t<span class=\"jet-button__label\">Allez<\/span>\t\t<\/div>\n\t<\/a>\n<\/div>\n<\/div>\t\t\t\t<\/div>\n\t\t\t\t<\/div>\n\t\t\t\t<\/div>\n\t\t\t\t\t<\/div>\n\t\t\t\t<\/div>\n\t\t\t\t<\/div>\n\t\t","protected":false},"excerpt":{"rendered":"<p>R\u00e9pondre \u00e0 toutes vos questions Vous poss\u00e9dez d\u00e9j\u00e0 un simulateur mais vous \u00eates pr\u00e9occup\u00e9 par la garantie, la maintenance et le support continu ? AVSimulation vous couvre gr\u00e2ce \u00e0 ses services complets d&rsquo;assistance et de maintenance. Support professionnel Assurer la durabilit\u00e9 et la fiabilit\u00e9 de votre investissement dans les simulateurs. Trois niveaux de services de [&hellip;]<\/p>\n","protected":false},"author":1,"featured_media":914,"parent":40744,"menu_order":0,"comment_status":"closed","ping_status":"closed","template":"","meta":{"footnotes":""},"tags-app":[],"class_list":["post-3615","page","type-page","status-publish","has-post-thumbnail","hentry"],"_links":{"self":[{"href":"https:\/\/www.avsimulation.com\/fr\/wp-json\/wp\/v2\/pages\/3615","targetHints":{"allow":["GET"]}}],"collection":[{"href":"https:\/\/www.avsimulation.com\/fr\/wp-json\/wp\/v2\/pages"}],"about":[{"href":"https:\/\/www.avsimulation.com\/fr\/wp-json\/wp\/v2\/types\/page"}],"author":[{"embeddable":true,"href":"https:\/\/www.avsimulation.com\/fr\/wp-json\/wp\/v2\/users\/1"}],"replies":[{"embeddable":true,"href":"https:\/\/www.avsimulation.com\/fr\/wp-json\/wp\/v2\/comments?post=3615"}],"version-history":[{"count":5,"href":"https:\/\/www.avsimulation.com\/fr\/wp-json\/wp\/v2\/pages\/3615\/revisions"}],"predecessor-version":[{"id":46457,"href":"https:\/\/www.avsimulation.com\/fr\/wp-json\/wp\/v2\/pages\/3615\/revisions\/46457"}],"up":[{"embeddable":true,"href":"https:\/\/www.avsimulation.com\/fr\/wp-json\/wp\/v2\/pages\/40744"}],"wp:featuredmedia":[{"embeddable":true,"href":"https:\/\/www.avsimulation.com\/fr\/wp-json\/wp\/v2\/media\/914"}],"wp:attachment":[{"href":"https:\/\/www.avsimulation.com\/fr\/wp-json\/wp\/v2\/media?parent=3615"}],"wp:term":[{"taxonomy":"tags-app","embeddable":true,"href":"https:\/\/www.avsimulation.com\/fr\/wp-json\/wp\/v2\/tags-app?post=3615"}],"curies":[{"name":"wp","href":"https:\/\/api.w.org\/{rel}","templated":true}]}}